{"id":979,"date":"2020-05-29T20:14:35","date_gmt":"2020-05-29T18:14:35","guid":{"rendered":"http:\/\/segreconduite.com\/?page_id=979"},"modified":"2023-12-05T21:26:21","modified_gmt":"2023-12-05T20:26:21","slug":"nos-formations","status":"publish","type":"page","link":"https:\/\/segreconduite.com\/index.php\/nos-formations\/","title":{"rendered":"Nos Permis"},"content":{"rendered":"\n<ul class=\"wp-block-list\"><li><a href=\"http:\/\/segreconduite.com\/index.php\/permis-am-bsr\/\">Permis AM (BSR) tarifs et r\u00e9glementation<\/a><\/li><li><a href=\"http:\/\/segreconduite.com\/index.php\/nos-tarifs\/\">Permis B, Conduite Accompagn\u00e9e ou  supervis\u00e9e, tarifs et r\u00e9glementation<\/a><\/li><li><a href=\"http:\/\/segreconduite.com\/index.php\/permis-motos-tarifs-et-reglementation\/\">Permis Motos tarifs et r\u00e9glementation<\/a><\/li><li><a href=\"http:\/\/segreconduite.com\/index.php\/la-conduite-accompagnee\/\">La Conduite Accompagn\u00e9e<\/a><\/li><li><a href=\"http:\/\/segreconduite.com\/index.php\/remorque-formation-b96-ou-permis-eb\/\">Remorque : Formation B96 ou permis EB ?<\/a><\/li><li><a href=\"http:\/\/segreconduite.com\/index.php\/notre-piste-motos\/\">Notre piste motos<\/a><\/li><li><a href=\"http:\/\/segreconduite.com\/index.php\/le-post-permis\/\">Le Post permis<\/a><\/li><li><a href=\"http:\/\/segreconduite.com\/index.php\/passerelle-b78-automatique-vers-manuelle\/\">Passerelle b78 (automatique vers manuelle)<\/a><\/li><\/ul>\n","protected":false},"excerpt":{"rendered":"<p>Permis AM (BSR) tarifs et r\u00e9glementation Permis B, Conduite Accompagn\u00e9e ou supervis\u00e9e, tarifs et r\u00e9glementation Permis Motos tarifs et r\u00e9glementation La Conduite Accompagn\u00e9e Remorque : Formation B96 ou permis EB ? Notre piste motos Le Post permis Passerelle b78 (automatique vers manuelle)<\/p>\n","protected":false},"author":1,"featured_media":0,"parent":0,"menu_order":0,"comment_status":"closed","ping_status":"closed","template":"","meta":{"footnotes":""},"class_list":["post-979","page","type-page","status-publish","hentry"],"yoast_head":"<!-- This site is optimized with the Yoast SEO plugin v24.5 - https:\/\/yoast.com\/wordpress\/plugins\/seo\/ -->\n<title>Nos Permis -<\/title>\n<meta name=\"robots\" content=\"index, follow, max-snippet:-1, max-image-preview:large, max-video-preview:-1\" \/>\n<link rel=\"canonical\" href=\"https:\/\/segreconduite.com\/index.php\/nos-formations\/\" \/>\n<meta property=\"og:locale\" content=\"fr_FR\" \/>\n<meta property=\"og:type\" content=\"article\" \/>\n<meta property=\"og:title\" content=\"Nos Permis -\" \/>\n<meta property=\"og:description\" content=\"Permis AM (BSR) tarifs et r\u00e9glementation Permis B, Conduite Accompagn\u00e9e ou supervis\u00e9e, tarifs et r\u00e9glementation Permis Motos tarifs et r\u00e9glementation La Conduite Accompagn\u00e9e Remorque : Formation B96 ou permis EB ? Notre piste motos Le Post permis Passerelle b78 (automatique vers manuelle)\" \/>\n<meta property=\"og:url\" content=\"https:\/\/segreconduite.com\/index.php\/nos-formations\/\" \/>\n<meta property=\"article:publisher\" content=\"https:\/\/www.facebook.com\/profile.php?id=100005710457316\" \/>\n<meta property=\"article:modified_time\" content=\"2023-12-05T20:26:21+00:00\" \/>\n<meta name=\"twitter:card\" content=\"summary_large_image\" \/>\n<script type=\"application\/ld+json\" class=\"yoast-schema-graph\">{\"@context\":\"https:\/\/schema.org\",\"@graph\":[{\"@type\":\"WebPage\",\"@id\":\"https:\/\/segreconduite.com\/index.php\/nos-formations\/\",\"url\":\"https:\/\/segreconduite.com\/index.php\/nos-formations\/\",\"name\":\"Nos Permis -\",\"isPartOf\":{\"@id\":\"https:\/\/segreconduite.com\/#website\"},\"datePublished\":\"2020-05-29T18:14:35+00:00\",\"dateModified\":\"2023-12-05T20:26:21+00:00\",\"breadcrumb\":{\"@id\":\"https:\/\/segreconduite.com\/index.php\/nos-formations\/#breadcrumb\"},\"inLanguage\":\"fr-FR\",\"potentialAction\":[{\"@type\":\"ReadAction\",\"target\":[\"https:\/\/segreconduite.com\/index.php\/nos-formations\/\"]}]},{\"@type\":\"BreadcrumbList\",\"@id\":\"https:\/\/segreconduite.com\/index.php\/nos-formations\/#breadcrumb\",\"itemListElement\":[{\"@type\":\"ListItem\",\"position\":1,\"name\":\"Accueil\",\"item\":\"https:\/\/segreconduite.com\/\"},{\"@type\":\"ListItem\",\"position\":2,\"name\":\"Nos Permis\"}]},{\"@type\":\"WebSite\",\"@id\":\"https:\/\/segreconduite.com\/#website\",\"url\":\"https:\/\/segreconduite.com\/\",\"name\":\"\",\"description\":\"\",\"publisher\":{\"@id\":\"https:\/\/segreconduite.com\/#organization\"},\"potentialAction\":[{\"@type\":\"SearchAction\",\"target\":{\"@type\":\"EntryPoint\",\"urlTemplate\":\"https:\/\/segreconduite.com\/?s={search_term_string}\"},\"query-input\":{\"@type\":\"PropertyValueSpecification\",\"valueRequired\":true,\"valueName\":\"search_term_string\"}}],\"inLanguage\":\"fr-FR\"},{\"@type\":\"Organization\",\"@id\":\"https:\/\/segreconduite.com\/#organization\",\"name\":\"segr\u00e9 conduite\",\"url\":\"https:\/\/segreconduite.com\/\",\"logo\":{\"@type\":\"ImageObject\",\"inLanguage\":\"fr-FR\",\"@id\":\"https:\/\/segreconduite.com\/#\/schema\/logo\/image\/\",\"url\":\"http:\/\/segreconduite.com\/wp-content\/uploads\/2017\/05\/cropped-2logo-fini-3Mx1M-1.jpg\",\"contentUrl\":\"http:\/\/segreconduite.com\/wp-content\/uploads\/2017\/05\/cropped-2logo-fini-3Mx1M-1.jpg\",\"width\":1360,\"height\":582,\"caption\":\"segr\u00e9 conduite\"},\"image\":{\"@id\":\"https:\/\/segreconduite.com\/#\/schema\/logo\/image\/\"},\"sameAs\":[\"https:\/\/www.facebook.com\/profile.php?id=100005710457316\"]}]}<\/script>\n<!-- \/ Yoast SEO plugin. -->","yoast_head_json":{"title":"Nos Permis -","robots":{"index":"index","follow":"follow","max-snippet":"max-snippet:-1","max-image-preview":"max-image-preview:large","max-video-preview":"max-video-preview:-1"},"canonical":"https:\/\/segreconduite.com\/index.php\/nos-formations\/","og_locale":"fr_FR","og_type":"article","og_title":"Nos Permis -","og_description":"Permis AM (BSR) tarifs et r\u00e9glementation Permis B, Conduite Accompagn\u00e9e ou supervis\u00e9e, tarifs et r\u00e9glementation Permis Motos tarifs et r\u00e9glementation La Conduite Accompagn\u00e9e Remorque : Formation B96 ou permis EB ? Notre piste motos Le Post permis Passerelle b78 (automatique vers manuelle)","og_url":"https:\/\/segreconduite.com\/index.php\/nos-formations\/","article_publisher":"https:\/\/www.facebook.com\/profile.php?id=100005710457316","article_modified_time":"2023-12-05T20:26:21+00:00","twitter_card":"summary_large_image","schema":{"@context":"https:\/\/schema.org","@graph":[{"@type":"WebPage","@id":"https:\/\/segreconduite.com\/index.php\/nos-formations\/","url":"https:\/\/segreconduite.com\/index.php\/nos-formations\/","name":"Nos Permis -","isPartOf":{"@id":"https:\/\/segreconduite.com\/#website"},"datePublished":"2020-05-29T18:14:35+00:00","dateModified":"2023-12-05T20:26:21+00:00","breadcrumb":{"@id":"https:\/\/segreconduite.com\/index.php\/nos-formations\/#breadcrumb"},"inLanguage":"fr-FR","potentialAction":[{"@type":"ReadAction","target":["https:\/\/segreconduite.com\/index.php\/nos-formations\/"]}]},{"@type":"BreadcrumbList","@id":"https:\/\/segreconduite.com\/index.php\/nos-formations\/#breadcrumb","itemListElement":[{"@type":"ListItem","position":1,"name":"Accueil","item":"https:\/\/segreconduite.com\/"},{"@type":"ListItem","position":2,"name":"Nos Permis"}]},{"@type":"WebSite","@id":"https:\/\/segreconduite.com\/#website","url":"https:\/\/segreconduite.com\/","name":"","description":"","publisher":{"@id":"https:\/\/segreconduite.com\/#organization"},"potentialAction":[{"@type":"SearchAction","target":{"@type":"EntryPoint","urlTemplate":"https:\/\/segreconduite.com\/?s={search_term_string}"},"query-input":{"@type":"PropertyValueSpecification","valueRequired":true,"valueName":"search_term_string"}}],"inLanguage":"fr-FR"},{"@type":"Organization","@id":"https:\/\/segreconduite.com\/#organization","name":"segr\u00e9 conduite","url":"https:\/\/segreconduite.com\/","logo":{"@type":"ImageObject","inLanguage":"fr-FR","@id":"https:\/\/segreconduite.com\/#\/schema\/logo\/image\/","url":"http:\/\/segreconduite.com\/wp-content\/uploads\/2017\/05\/cropped-2logo-fini-3Mx1M-1.jpg","contentUrl":"http:\/\/segreconduite.com\/wp-content\/uploads\/2017\/05\/cropped-2logo-fini-3Mx1M-1.jpg","width":1360,"height":582,"caption":"segr\u00e9 conduite"},"image":{"@id":"https:\/\/segreconduite.com\/#\/schema\/logo\/image\/"},"sameAs":["https:\/\/www.facebook.com\/profile.php?id=100005710457316"]}]}},"_links":{"self":[{"href":"https:\/\/segreconduite.com\/index.php\/wp-json\/wp\/v2\/pages\/979","targetHints":{"allow":["GET"]}}],"collection":[{"href":"https:\/\/segreconduite.com\/index.php\/wp-json\/wp\/v2\/pages"}],"about":[{"href":"https:\/\/segreconduite.com\/index.php\/wp-json\/wp\/v2\/types\/page"}],"author":[{"embeddable":true,"href":"https:\/\/segreconduite.com\/index.php\/wp-json\/wp\/v2\/users\/1"}],"replies":[{"embeddable":true,"href":"https:\/\/segreconduite.com\/index.php\/wp-json\/wp\/v2\/comments?post=979"}],"version-history":[{"count":4,"href":"https:\/\/segreconduite.com\/index.php\/wp-json\/wp\/v2\/pages\/979\/revisions"}],"predecessor-version":[{"id":1724,"href":"https:\/\/segreconduite.com\/index.php\/wp-json\/wp\/v2\/pages\/979\/revisions\/1724"}],"wp:attachment":[{"href":"https:\/\/segreconduite.com\/index.php\/wp-json\/wp\/v2\/media?parent=979"}],"curies":[{"name":"wp","href":"https:\/\/api.w.org\/{rel}","templated":true}]}}