{"id":898,"date":"2020-02-02T22:34:18","date_gmt":"2020-02-02T21:34:18","guid":{"rendered":"http:\/\/segreconduite.com\/?page_id=898"},"modified":"2026-02-06T11:54:58","modified_gmt":"2026-02-06T10:54:58","slug":"nos-tarifs","status":"publish","type":"page","link":"https:\/\/segreconduite.com\/index.php\/nos-tarifs\/","title":{"rendered":"Permis B, Conduite Accompagn\u00e9e ou  supervis\u00e9e, tarifs et r\u00e9glementation"},"content":{"rendered":"<a href=\"https:\/\/segreconduite.com\/wp-content\/uploads\/2025\/12\/PERMIS-B-26.pdf\" class=\"pdfemb-viewer\" style=\"\" data-width=\"max\" data-height=\"max\" data-toolbar=\"bottom\" data-toolbar-fixed=\"off\">PERMIS-B-26<\/a>\n\n\n<p style=\"font-size:24px\"><strong><u><span class=\"has-inline-color has-luminous-vivid-orange-color\">Enjeu et d\u00e9roulement de la formation<\/span><\/u><\/strong><\/p>\n\n\n\n<p>L\u2019automobile est devenue un <strong>outil social <\/strong>indispensable pour une tr\u00e8s grande partie desjeunes de notre soci\u00e9t\u00e9. Au-del\u00e0 du plaisir deconduire, l\u2019utilisation d\u2019une voiture est souvent<strong> indispensable pour les \u00e9tudes, le travail ou les loisirs<\/strong>. Rouler en s\u00e9curit\u00e9 est donc unen\u00e9cessit\u00e9 pour tous.<\/p>\n\n\n\n<p>Les conducteurs d\u00e9butants repr\u00e9sentent une part trop importante des tu\u00e9s et des bless\u00e9s sur la route. L\u2019effort engag\u00e9 doit \u00eatre poursuivi, notamment par le <strong>renforcement de l\u2019\u00e9ducation<\/strong> <strong>et de la formation.<\/strong><\/p>\n\n\n\n<p>Les accidents de la route ne sont pas li\u00e9s \u00e0 la fatalit\u00e9 et le programme de formation au permis de conduire est mis en place pour aider les nouveaux conducteurs \u00e0 <strong>se d\u00e9placer avec un<\/strong> <strong>risque faible de perdre la vie ou de la d\u00e9grader.<\/strong><\/p>\n\n\n\n<p>L\u2019objectif g\u00e9n\u00e9ral est d\u2019amener tout automobiliste d\u00e9butant \u00e0 la ma\u00eetrise de comp\u00e9tences en termes de savoir \u00eatre, savoirs, savoir-faire et savoir devenir. Apprendre \u00e0 conduire est une d\u00e9marche \u00e9ducative exigeante.<\/p>\n\n\n\n<p>Le programme de formation se veut une vue d\u2019ensemble des comp\u00e9tences qu\u2019un conducteur responsable doit acqu\u00e9rir pour ne pas mettre sa s\u00e9curit\u00e9 et celle des autres en danger.<\/p>\n\n\n\n<p>Il vous faudra prendre conscience que ce qui est appris en formation doit progresser et \u00e9voluer, apr\u00e8s l\u2019obtention du permis de conduire, en tenant compte des m\u00eames <strong>objectifs s\u00e9curitaires<\/strong> que lors de votre apprentissage.<\/p>\n\n\n\n<p>Vous allez apprendre \u00e0 manipuler une automobile et \u00e0 circuler dans diff\u00e9rentes configurations, \u00e0 en <strong>conna\u00eetre les risques et les limites<\/strong>. Vous allez, au travers de ce programme, comprendre les r\u00e8gles du code de la route ainsi que l\u2019influence des lois physiques, psychologiques et physiologiques. Vous devrez \u00e9galement vous situer personnellement en tant que citoyen dans vos choix de conduite.<\/p>\n\n\n\n<p>Des cours th\u00e9oriques et pratiques, collectifs ou individuels, vous aideront \u00e0 atteindre les objectifs d\u00e9finis et \u00e0 personnaliser votre progression. Votre formateur vous guidera et vous conseillera. Des tests de connaissances et de capacit\u00e9s pourront \u00eatre mis en place au fur et \u00e0 mesure.<\/p>\n\n\n\n<p>______________________________________________________________________________<\/p>\n\n\n\n<p style=\"font-size:23px\"><strong><u><span class=\"has-inline-color has-luminous-vivid-orange-color\">L\u2019Epreuve Th\u00e9orique G\u00e9n\u00e9rale<\/span><\/u><\/strong><\/p>\n\n\n\n<p><em>Pour passer l\u2019\u00e9preuve du code, il faut avoir au moins 17 ans si vous suivez la formation traditionnelle, ou 15 ans si vous suivez l\u2019apprentissage anticip\u00e9 de la conduite (AAC).<\/em><\/p>\n\n\n\n<p>Pour r\u00e9ussir cette \u00e9preuve, il faut obtenir au moins <strong>35 bonnes r\u00e9ponses sur 40 questions<\/strong> (5 erreurs maximum). Une r\u00e9ponse est consid\u00e9r\u00e9e comme juste si toutes les propositions exactes ont \u00e9t\u00e9 valid\u00e9es.<\/p>\n\n\n\n<p>Parmi les 40 questions auxquelles vous devrez r\u00e9pondre, certaines sont en vid\u00e9o. Pendant le d\u00e9roul\u00e9 de la vid\u00e9o, pensez \u00e0 \u00e9valuer l\u2019intervalle de s\u00e9curit\u00e9 et \u00e0 regarder tous les r\u00e9troviseurs.<\/p>\n\n\n\n<p>Le jour de l&rsquo;examen, pensez \u00e0 apporter votre pi\u00e8ce d&rsquo;identit\u00e9 et votre convocation. Votre code est valable pendant 5 ans et\/ou pour 5 pr\u00e9sentations \u00e0 l\u2019\u00e9preuve pratique.<\/p>\n\n\n\n<p>______________________________________________________________________________<\/p>\n\n\n\n<p style=\"font-size:23px\"><strong><u><span class=\"has-inline-color has-luminous-vivid-orange-color\">L\u2019examen pratique<\/span><\/u><\/strong><\/p>\n\n\n\n<p><em>Pour se pr\u00e9senter \u00e0 l\u2019\u00e9preuve pratique il faut avoir au moins 17 ans <\/em>depuis le 1er janvier 2024<em> ; il faut avoir r\u00e9ussi l\u2019examen du code.<\/em><\/p>\n\n\n\n<p>Cette \u00e9preuve dure environ <strong>32 minutes<\/strong>. Elle a pour but de v\u00e9rifier si vous \u00eates capable de conduire seul sans mettre en danger votre s\u00e9curit\u00e9 et celle des autres. Elle est \u00e9valu\u00e9e par un expert, l\u2019inspecteur du permis de conduire et de la s\u00e9curit\u00e9 routi\u00e8re.<\/p>\n\n\n\n<p>Le jour de l\u2019examen, l\u2019\u00e9preuve vous est pr\u00e9sent\u00e9e individuellement par l\u2019expert, qui vous pr\u00e9cise ce que vous allez devoir faire :<\/p>\n\n\n\n<ul class=\"wp-block-list\">\n<li><strong>R\u00e9aliser un parcours <\/strong>empruntant des voies \u00e0 caract\u00e8re urbain, routier et\/ou autoroutier ;<\/li>\n\n\n\n<li><strong>Suivre un itin\u00e9raire <\/strong>en vous guidant <strong>de mani\u00e8re autonome<\/strong>, pendant environ cinq minutes ;<\/li>\n\n\n\n<li><strong>R\u00e9aliser une manoeuvre <\/strong>, (cr\u00e9neau, rangement bataille, demi-tour, marche arri\u00e8re en courbe ou en ligne droite, rangement \u00e9pi).<\/li>\n\n\n\n<li><strong>Proc\u00e9der \u00e0 la v\u00e9rification <\/strong>d\u2019un \u00e9l\u00e9ment technique \u00e0 l\u2019int\u00e9rieur ou \u00e0 l\u2019ext\u00e9rieur du v\u00e9hicule, r\u00e9pondre \u00e0 une question en lien avec la s\u00e9curit\u00e9 routi\u00e8re, et r\u00e9pondre \u00e0 une question sur les premiers secours;<\/li>\n\n\n\n<li><strong>Appliquer les r\u00e8gles du code de la route<\/strong>, notamment les limitations de vitesse s\u2019appliquant aux \u00e9l\u00e8ves conducteurs ;<\/li>\n\n\n\n<li><strong>Adapter votre conduite <\/strong>dans un souci d\u2019\u00e9conomie de carburant et de limitation de rejet de gaz \u00e0 effet de serre ;<\/li>\n\n\n\n<li><strong>Faire preuve de courtoisie <\/strong>envers les autres usagers et notamment les plus vuln\u00e9rables.<\/li>\n<\/ul>\n\n\n\n<p>L\u2019\u00e9valuation r\u00e9alis\u00e9e par l\u2019expert est bas\u00e9e sur des textes r\u00e9glementaires et instructions pr\u00e9cises qui en fixent les modalit\u00e9s. Cette \u00e9valuation consiste en un bilan des comp\u00e9tences n\u00e9cessaires et fondamentales devant \u00eatre acquises pour une conduite en s\u00e9curit\u00e9, car la conduite est un acte difficile qui engage une responsabilit\u00e9 forte.<\/p>\n\n\n\n<p>.\u00c0 l\u2019issue de l\u2019\u00e9preuve, l\u2019expert retranscrit de fa\u00e7on formelle le bilan de comp\u00e9tences dans une grille d\u2019\u00e9valuation. Le Certificat d\u2019Examen du Permis de Conduire, sur lequel est not\u00e9 le r\u00e9sultat, vous est envoy\u00e9 par courrier ou t\u00e9l\u00e9chargeable.<\/p>\n\n\n\n<p>En cas de r\u00e9ussite vous serez en p\u00e9riode probatoire avec 6 points sur votre permis de conduire.<\/p>\n\n\n\n<p><span style=\"background-color:rgba(0, 0, 0, 0)\" class=\"has-inline-color has-vivid-cyan-blue-color\">Le CEPC, valable 4 mois maximum, sera votre justificatif aupr\u00e8s des forces de l\u2019ordre en attendant votre permis de conduire.<\/span><\/p>\n","protected":false},"excerpt":{"rendered":"<p>Enjeu et d\u00e9roulement de la formation L\u2019automobile est devenue un outil social indispensable pour une tr\u00e8s grande partie desjeunes de notre soci\u00e9t\u00e9. Au-del\u00e0 du plaisir deconduire, l\u2019utilisation d\u2019une voiture est souvent indispensable pour les \u00e9tudes, le travail ou les loisirs. Rouler en s\u00e9curit\u00e9 est donc unen\u00e9cessit\u00e9 pour tous. Les conducteurs d\u00e9butants repr\u00e9sentent une part trop [&hellip;]<\/p>\n","protected":false},"author":1,"featured_media":0,"parent":0,"menu_order":0,"comment_status":"closed","ping_status":"closed","template":"","meta":{"footnotes":""},"class_list":["post-898","page","type-page","status-publish","hentry"],"yoast_head":"<!-- This site is optimized with the Yoast SEO plugin v24.5 - https:\/\/yoast.com\/wordpress\/plugins\/seo\/ -->\n<title>Permis B, Conduite Accompagn\u00e9e ou supervis\u00e9e, tarifs et r\u00e9glementation -<\/title>\n<meta name=\"robots\" content=\"index, follow, max-snippet:-1, max-image-preview:large, max-video-preview:-1\" \/>\n<link rel=\"canonical\" href=\"https:\/\/segreconduite.com\/index.php\/nos-tarifs\/\" \/>\n<meta property=\"og:locale\" content=\"fr_FR\" \/>\n<meta property=\"og:type\" content=\"article\" \/>\n<meta property=\"og:title\" content=\"Permis B, Conduite Accompagn\u00e9e ou supervis\u00e9e, tarifs et r\u00e9glementation -\" \/>\n<meta property=\"og:description\" content=\"Enjeu et d\u00e9roulement de la formation L\u2019automobile est devenue un outil social indispensable pour une tr\u00e8s grande partie desjeunes de notre soci\u00e9t\u00e9. Au-del\u00e0 du plaisir deconduire, l\u2019utilisation d\u2019une voiture est souvent indispensable pour les \u00e9tudes, le travail ou les loisirs. Rouler en s\u00e9curit\u00e9 est donc unen\u00e9cessit\u00e9 pour tous. Les conducteurs d\u00e9butants repr\u00e9sentent une part trop [&hellip;]\" \/>\n<meta property=\"og:url\" content=\"https:\/\/segreconduite.com\/index.php\/nos-tarifs\/\" \/>\n<meta property=\"article:publisher\" content=\"https:\/\/www.facebook.com\/profile.php?id=100005710457316\" \/>\n<meta property=\"article:modified_time\" content=\"2026-02-06T10:54:58+00:00\" \/>\n<meta name=\"twitter:card\" content=\"summary_large_image\" \/>\n<meta name=\"twitter:label1\" content=\"Dur\u00e9e de lecture estim\u00e9e\" \/>\n\t<meta name=\"twitter:data1\" content=\"5 minutes\" \/>\n<script type=\"application\/ld+json\" class=\"yoast-schema-graph\">{\"@context\":\"https:\/\/schema.org\",\"@graph\":[{\"@type\":\"WebPage\",\"@id\":\"https:\/\/segreconduite.com\/index.php\/nos-tarifs\/\",\"url\":\"https:\/\/segreconduite.com\/index.php\/nos-tarifs\/\",\"name\":\"Permis B, Conduite Accompagn\u00e9e ou supervis\u00e9e, tarifs et r\u00e9glementation -\",\"isPartOf\":{\"@id\":\"https:\/\/segreconduite.com\/#website\"},\"datePublished\":\"2020-02-02T21:34:18+00:00\",\"dateModified\":\"2026-02-06T10:54:58+00:00\",\"breadcrumb\":{\"@id\":\"https:\/\/segreconduite.com\/index.php\/nos-tarifs\/#breadcrumb\"},\"inLanguage\":\"fr-FR\",\"potentialAction\":[{\"@type\":\"ReadAction\",\"target\":[\"https:\/\/segreconduite.com\/index.php\/nos-tarifs\/\"]}]},{\"@type\":\"BreadcrumbList\",\"@id\":\"https:\/\/segreconduite.com\/index.php\/nos-tarifs\/#breadcrumb\",\"itemListElement\":[{\"@type\":\"ListItem\",\"position\":1,\"name\":\"Accueil\",\"item\":\"https:\/\/segreconduite.com\/\"},{\"@type\":\"ListItem\",\"position\":2,\"name\":\"Permis B, Conduite Accompagn\u00e9e ou supervis\u00e9e, tarifs et r\u00e9glementation\"}]},{\"@type\":\"WebSite\",\"@id\":\"https:\/\/segreconduite.com\/#website\",\"url\":\"https:\/\/segreconduite.com\/\",\"name\":\"\",\"description\":\"\",\"publisher\":{\"@id\":\"https:\/\/segreconduite.com\/#organization\"},\"potentialAction\":[{\"@type\":\"SearchAction\",\"target\":{\"@type\":\"EntryPoint\",\"urlTemplate\":\"https:\/\/segreconduite.com\/?s={search_term_string}\"},\"query-input\":{\"@type\":\"PropertyValueSpecification\",\"valueRequired\":true,\"valueName\":\"search_term_string\"}}],\"inLanguage\":\"fr-FR\"},{\"@type\":\"Organization\",\"@id\":\"https:\/\/segreconduite.com\/#organization\",\"name\":\"segr\u00e9 conduite\",\"url\":\"https:\/\/segreconduite.com\/\",\"logo\":{\"@type\":\"ImageObject\",\"inLanguage\":\"fr-FR\",\"@id\":\"https:\/\/segreconduite.com\/#\/schema\/logo\/image\/\",\"url\":\"http:\/\/segreconduite.com\/wp-content\/uploads\/2017\/05\/cropped-2logo-fini-3Mx1M-1.jpg\",\"contentUrl\":\"http:\/\/segreconduite.com\/wp-content\/uploads\/2017\/05\/cropped-2logo-fini-3Mx1M-1.jpg\",\"width\":1360,\"height\":582,\"caption\":\"segr\u00e9 conduite\"},\"image\":{\"@id\":\"https:\/\/segreconduite.com\/#\/schema\/logo\/image\/\"},\"sameAs\":[\"https:\/\/www.facebook.com\/profile.php?id=100005710457316\"]}]}<\/script>\n<!-- \/ Yoast SEO plugin. -->","yoast_head_json":{"title":"Permis B, Conduite Accompagn\u00e9e ou supervis\u00e9e, tarifs et r\u00e9glementation -","robots":{"index":"index","follow":"follow","max-snippet":"max-snippet:-1","max-image-preview":"max-image-preview:large","max-video-preview":"max-video-preview:-1"},"canonical":"https:\/\/segreconduite.com\/index.php\/nos-tarifs\/","og_locale":"fr_FR","og_type":"article","og_title":"Permis B, Conduite Accompagn\u00e9e ou supervis\u00e9e, tarifs et r\u00e9glementation -","og_description":"Enjeu et d\u00e9roulement de la formation L\u2019automobile est devenue un outil social indispensable pour une tr\u00e8s grande partie desjeunes de notre soci\u00e9t\u00e9. Au-del\u00e0 du plaisir deconduire, l\u2019utilisation d\u2019une voiture est souvent indispensable pour les \u00e9tudes, le travail ou les loisirs. Rouler en s\u00e9curit\u00e9 est donc unen\u00e9cessit\u00e9 pour tous. Les conducteurs d\u00e9butants repr\u00e9sentent une part trop [&hellip;]","og_url":"https:\/\/segreconduite.com\/index.php\/nos-tarifs\/","article_publisher":"https:\/\/www.facebook.com\/profile.php?id=100005710457316","article_modified_time":"2026-02-06T10:54:58+00:00","twitter_card":"summary_large_image","twitter_misc":{"Dur\u00e9e de lecture estim\u00e9e":"5 minutes"},"schema":{"@context":"https:\/\/schema.org","@graph":[{"@type":"WebPage","@id":"https:\/\/segreconduite.com\/index.php\/nos-tarifs\/","url":"https:\/\/segreconduite.com\/index.php\/nos-tarifs\/","name":"Permis B, Conduite Accompagn\u00e9e ou supervis\u00e9e, tarifs et r\u00e9glementation -","isPartOf":{"@id":"https:\/\/segreconduite.com\/#website"},"datePublished":"2020-02-02T21:34:18+00:00","dateModified":"2026-02-06T10:54:58+00:00","breadcrumb":{"@id":"https:\/\/segreconduite.com\/index.php\/nos-tarifs\/#breadcrumb"},"inLanguage":"fr-FR","potentialAction":[{"@type":"ReadAction","target":["https:\/\/segreconduite.com\/index.php\/nos-tarifs\/"]}]},{"@type":"BreadcrumbList","@id":"https:\/\/segreconduite.com\/index.php\/nos-tarifs\/#breadcrumb","itemListElement":[{"@type":"ListItem","position":1,"name":"Accueil","item":"https:\/\/segreconduite.com\/"},{"@type":"ListItem","position":2,"name":"Permis B, Conduite Accompagn\u00e9e ou supervis\u00e9e, tarifs et r\u00e9glementation"}]},{"@type":"WebSite","@id":"https:\/\/segreconduite.com\/#website","url":"https:\/\/segreconduite.com\/","name":"","description":"","publisher":{"@id":"https:\/\/segreconduite.com\/#organization"},"potentialAction":[{"@type":"SearchAction","target":{"@type":"EntryPoint","urlTemplate":"https:\/\/segreconduite.com\/?s={search_term_string}"},"query-input":{"@type":"PropertyValueSpecification","valueRequired":true,"valueName":"search_term_string"}}],"inLanguage":"fr-FR"},{"@type":"Organization","@id":"https:\/\/segreconduite.com\/#organization","name":"segr\u00e9 conduite","url":"https:\/\/segreconduite.com\/","logo":{"@type":"ImageObject","inLanguage":"fr-FR","@id":"https:\/\/segreconduite.com\/#\/schema\/logo\/image\/","url":"http:\/\/segreconduite.com\/wp-content\/uploads\/2017\/05\/cropped-2logo-fini-3Mx1M-1.jpg","contentUrl":"http:\/\/segreconduite.com\/wp-content\/uploads\/2017\/05\/cropped-2logo-fini-3Mx1M-1.jpg","width":1360,"height":582,"caption":"segr\u00e9 conduite"},"image":{"@id":"https:\/\/segreconduite.com\/#\/schema\/logo\/image\/"},"sameAs":["https:\/\/www.facebook.com\/profile.php?id=100005710457316"]}]}},"_links":{"self":[{"href":"https:\/\/segreconduite.com\/index.php\/wp-json\/wp\/v2\/pages\/898","targetHints":{"allow":["GET"]}}],"collection":[{"href":"https:\/\/segreconduite.com\/index.php\/wp-json\/wp\/v2\/pages"}],"about":[{"href":"https:\/\/segreconduite.com\/index.php\/wp-json\/wp\/v2\/types\/page"}],"author":[{"embeddable":true,"href":"https:\/\/segreconduite.com\/index.php\/wp-json\/wp\/v2\/users\/1"}],"replies":[{"embeddable":true,"href":"https:\/\/segreconduite.com\/index.php\/wp-json\/wp\/v2\/comments?post=898"}],"version-history":[{"count":39,"href":"https:\/\/segreconduite.com\/index.php\/wp-json\/wp\/v2\/pages\/898\/revisions"}],"predecessor-version":[{"id":1757,"href":"https:\/\/segreconduite.com\/index.php\/wp-json\/wp\/v2\/pages\/898\/revisions\/1757"}],"wp:attachment":[{"href":"https:\/\/segreconduite.com\/index.php\/wp-json\/wp\/v2\/media?parent=898"}],"curies":[{"name":"wp","href":"https:\/\/api.w.org\/{rel}","templated":true}]}}