{"id":641,"date":"2017-08-06T15:51:21","date_gmt":"2017-08-06T13:51:21","guid":{"rendered":"http:\/\/segreconduite.com\/?page_id=641"},"modified":"2020-05-02T15:10:29","modified_gmt":"2020-05-02T13:10:29","slug":"la-conduite-accompagnee","status":"publish","type":"page","link":"https:\/\/segreconduite.com\/index.php\/la-conduite-accompagnee\/","title":{"rendered":"La Conduite Accompagn\u00e9e"},"content":{"rendered":"<p><strong><span style=\"color: #ff6600;\">L&rsquo;ELEVE :<\/span><\/strong><\/p>\n<p>Le candidat\u00a0en conduite accompagn\u00e9e \u00a0doit \u00eatre \u00e2g\u00e9 <em>d&rsquo;au moins 15 ans <\/em>\u00a0lors de l&rsquo;inscription et <em>d&rsquo;au moins 17 ans <\/em>pour se pr\u00e9senter \u00e0 l&rsquo;\u00e9preuve pratique du permis de conduire B.<\/p>\n<p><strong><span style=\"color: #ff6600;\">L&rsquo;ACCOMPAGNATEUR :<\/span><\/strong><\/p>\n<p>L&rsquo;accompagnateur doit \u00eatre titulaire du permis B <strong><em>depuis au moins cinq ans<\/em><\/strong>. Il est possible pour l&rsquo;\u00e9l\u00e8ve d&rsquo;avoir plusieurs accompagnateurs dans ou hors du cadre familial.<\/p>\n<p>L&rsquo;accompagnateur doit avoir obtenu au pr\u00e9alable l&rsquo;accord de sa compagnie d&rsquo;assurance. <strong><em>L&rsquo;assureur peut refuser<\/em> <\/strong>si <strong><em>l&rsquo;accompagnateur a commis des infractions graves<\/em><\/strong>.<\/p>\n<p>L&rsquo;accompagnateur ne doit pas, dans les 5 ann\u00e9es pr\u00e9c\u00e9dentes, <strong><em>avoir fait l&rsquo;objet d&rsquo;une annulation ou d&rsquo;une invalidation du permis de conduire<\/em>.<\/strong><\/p>\n<p><span style=\"color: #ff6600;\"><strong>LE VEHICULE :<\/strong> <\/span><\/p>\n<p>Le v\u00e9hicule doit \u00eatre \u00e9quip\u00e9 de 2 r\u00e9troviseurs lat\u00e9raux et\u00a0un disque \u00a0conduite accompagn\u00e9e doit \u00eatre appos\u00e9 \u00e0 l&rsquo;arri\u00e8re du v\u00e9hicule.<\/p>\n<p><img loading=\"lazy\" decoding=\"async\" class=\"size-full wp-image-716 aligncenter\" src=\"http:\/\/segreconduite.com\/wp-content\/uploads\/2017\/08\/ca.jpg\" alt=\"\" width=\"225\" height=\"225\" srcset=\"https:\/\/segreconduite.com\/wp-content\/uploads\/2017\/08\/ca.jpg 225w, https:\/\/segreconduite.com\/wp-content\/uploads\/2017\/08\/ca-150x150.jpg 150w\" sizes=\"auto, (max-width: 225px) 100vw, 225px\" \/><b><\/b><i><\/i><u><\/u><\/p>\n<p><span style=\"color: #ff6600;\"><b>La formation\u00a0se\u00a0passe en\u00a03 \u00e9tapes :<\/b><\/span><\/p>\n<p><span style=\"color: #00ccff;\">1- La formation initiale dans une auto-\u00e9cole :<\/span><\/p>\n<p>L&rsquo;apprentissage du code de la route\u00a0s&rsquo;effectue dans la salle de code\u00a0l&rsquo;auto-\u00e9cole\u00a0le jeune doit satisfaire\u00a0\u00e0 l&rsquo;Examen Th\u00e9orique G\u00e9n\u00e9ral (passage du code).<\/p>\n<p>1 heure d&rsquo;\u00e9valuation, 20 heures de conduite (minimum) et 2 heures de rendez-vous pr\u00e9alables (pr\u00e9sence d&rsquo;accompagnateur )<\/p>\n<p><strong>La formation initiale<\/strong> ne peut pas \u00eatre inf\u00e9rieure \u00e0 20 heures de cours de conduite avec un moniteur sauf si vous \u00eates :<\/p>\n<ul>\n<li>D\u00e9j\u00e0 titulaire d&rsquo;une autre cat\u00e9gorie de permis (sauf les cat\u00e9gories AM et B1) : pas de nombre minimum d&rsquo;heures obligatoire impos\u00e9, cela d\u00e9pend de votre progression dans l&rsquo;apprentissage ;<\/li>\n<li>El\u00e8ve suivant une formation limit\u00e9e \u00e0 la conduite de v\u00e9hicules \u00e9quip\u00e9s d&rsquo;une bo\u00eete de vitesses automatique : un volume minimum de 13 heures est requis.<\/li>\n<\/ul>\n<p><span style=\"color: #00ccff;\">2- La conduite accompagn\u00e9e<\/span> <span style=\"color: #00ccff;\">en pr\u00e9sence du ou des accompagnateurs<\/span><\/p>\n<p>La phase de conduite accompagn\u00e9e doit s&rsquo;effectuer\u00a0sur une dur\u00e9e minimale d&rsquo;un an, avec un minimum de 3000 kms parcourus. Au cours de cette partie effectu\u00e9e avec vos accompagnateurs,\u00a0nous vous revoyons \u00e0 l&rsquo;auto-\u00e9cole pour\u00a0 2 Rendez-vous\u00a0p\u00e9dagogiques\u00a0 afin de faire le point sur votre exp\u00e9rience acquise et sur vos \u00e9ventuelles corrections \u00e0 apporter \u00e0 votre conduite (suivi de formation).<\/p>\n<p><span style=\"color: #00ccff;\">3- pr\u00e9sentation au permis de conduire.<\/span><\/p>\n<p>Voila le moment que vous attendez et que vous craignez \u00a0temps !!!<strong> L&rsquo;EXAMEN du \u00a0permis de conduire<\/strong>.<\/p>\n<p>Le passage du permis de conduire est possible \u00e0 partir des 17 ans du candidat ( 1 an minimum de conduite accompagn\u00e9e obligatoirement effectu\u00e9e ).<\/p>\n<p>Dans tous les cas la possibilit\u00e9 de conduire seul un v\u00e9hicule apr\u00e8s l&rsquo;obtention du Permis de conduire ne peut s&rsquo;effectuer qu&rsquo;une fois le 18eme anniversaire pass\u00e9.<\/p>\n","protected":false},"excerpt":{"rendered":"<p>L&rsquo;ELEVE : Le candidat\u00a0en conduite accompagn\u00e9e \u00a0doit \u00eatre \u00e2g\u00e9 d&rsquo;au moins 15 ans \u00a0lors de l&rsquo;inscription et d&rsquo;au moins 17 ans pour se pr\u00e9senter \u00e0 l&rsquo;\u00e9preuve pratique du permis de conduire B. L&rsquo;ACCOMPAGNATEUR : L&rsquo;accompagnateur doit \u00eatre titulaire du permis B depuis au moins cinq ans. Il est possible pour l&rsquo;\u00e9l\u00e8ve d&rsquo;avoir plusieurs accompagnateurs dans [&hellip;]<\/p>\n","protected":false},"author":1,"featured_media":0,"parent":0,"menu_order":0,"comment_status":"closed","ping_status":"closed","template":"","meta":{"footnotes":""},"class_list":["post-641","page","type-page","status-publish","hentry"],"yoast_head":"<!-- This site is optimized with the Yoast SEO plugin v24.5 - https:\/\/yoast.com\/wordpress\/plugins\/seo\/ -->\n<title>La Conduite Accompagn\u00e9e -<\/title>\n<meta name=\"robots\" content=\"index, follow, max-snippet:-1, max-image-preview:large, max-video-preview:-1\" \/>\n<link rel=\"canonical\" href=\"https:\/\/segreconduite.com\/index.php\/la-conduite-accompagnee\/\" \/>\n<meta property=\"og:locale\" content=\"fr_FR\" \/>\n<meta property=\"og:type\" content=\"article\" \/>\n<meta property=\"og:title\" content=\"La Conduite Accompagn\u00e9e -\" \/>\n<meta property=\"og:description\" content=\"L&rsquo;ELEVE : Le candidat\u00a0en conduite accompagn\u00e9e \u00a0doit \u00eatre \u00e2g\u00e9 d&rsquo;au moins 15 ans \u00a0lors de l&rsquo;inscription et d&rsquo;au moins 17 ans pour se pr\u00e9senter \u00e0 l&rsquo;\u00e9preuve pratique du permis de conduire B. L&rsquo;ACCOMPAGNATEUR : L&rsquo;accompagnateur doit \u00eatre titulaire du permis B depuis au moins cinq ans. Il est possible pour l&rsquo;\u00e9l\u00e8ve d&rsquo;avoir plusieurs accompagnateurs dans [&hellip;]\" \/>\n<meta property=\"og:url\" content=\"https:\/\/segreconduite.com\/index.php\/la-conduite-accompagnee\/\" \/>\n<meta property=\"article:publisher\" content=\"https:\/\/www.facebook.com\/profile.php?id=100005710457316\" \/>\n<meta property=\"article:modified_time\" content=\"2020-05-02T13:10:29+00:00\" \/>\n<meta property=\"og:image\" content=\"http:\/\/segreconduite.com\/wp-content\/uploads\/2017\/08\/ca.jpg\" \/>\n<meta name=\"twitter:card\" content=\"summary_large_image\" \/>\n<meta name=\"twitter:label1\" content=\"Dur\u00e9e de lecture estim\u00e9e\" \/>\n\t<meta name=\"twitter:data1\" content=\"2 minutes\" \/>\n<script type=\"application\/ld+json\" class=\"yoast-schema-graph\">{\"@context\":\"https:\/\/schema.org\",\"@graph\":[{\"@type\":\"WebPage\",\"@id\":\"https:\/\/segreconduite.com\/index.php\/la-conduite-accompagnee\/\",\"url\":\"https:\/\/segreconduite.com\/index.php\/la-conduite-accompagnee\/\",\"name\":\"La Conduite Accompagn\u00e9e -\",\"isPartOf\":{\"@id\":\"https:\/\/segreconduite.com\/#website\"},\"primaryImageOfPage\":{\"@id\":\"https:\/\/segreconduite.com\/index.php\/la-conduite-accompagnee\/#primaryimage\"},\"image\":{\"@id\":\"https:\/\/segreconduite.com\/index.php\/la-conduite-accompagnee\/#primaryimage\"},\"thumbnailUrl\":\"http:\/\/segreconduite.com\/wp-content\/uploads\/2017\/08\/ca.jpg\",\"datePublished\":\"2017-08-06T13:51:21+00:00\",\"dateModified\":\"2020-05-02T13:10:29+00:00\",\"breadcrumb\":{\"@id\":\"https:\/\/segreconduite.com\/index.php\/la-conduite-accompagnee\/#breadcrumb\"},\"inLanguage\":\"fr-FR\",\"potentialAction\":[{\"@type\":\"ReadAction\",\"target\":[\"https:\/\/segreconduite.com\/index.php\/la-conduite-accompagnee\/\"]}]},{\"@type\":\"ImageObject\",\"inLanguage\":\"fr-FR\",\"@id\":\"https:\/\/segreconduite.com\/index.php\/la-conduite-accompagnee\/#primaryimage\",\"url\":\"https:\/\/segreconduite.com\/wp-content\/uploads\/2017\/08\/ca.jpg\",\"contentUrl\":\"https:\/\/segreconduite.com\/wp-content\/uploads\/2017\/08\/ca.jpg\",\"width\":225,\"height\":225},{\"@type\":\"BreadcrumbList\",\"@id\":\"https:\/\/segreconduite.com\/index.php\/la-conduite-accompagnee\/#breadcrumb\",\"itemListElement\":[{\"@type\":\"ListItem\",\"position\":1,\"name\":\"Accueil\",\"item\":\"https:\/\/segreconduite.com\/\"},{\"@type\":\"ListItem\",\"position\":2,\"name\":\"La Conduite Accompagn\u00e9e\"}]},{\"@type\":\"WebSite\",\"@id\":\"https:\/\/segreconduite.com\/#website\",\"url\":\"https:\/\/segreconduite.com\/\",\"name\":\"\",\"description\":\"\",\"publisher\":{\"@id\":\"https:\/\/segreconduite.com\/#organization\"},\"potentialAction\":[{\"@type\":\"SearchAction\",\"target\":{\"@type\":\"EntryPoint\",\"urlTemplate\":\"https:\/\/segreconduite.com\/?s={search_term_string}\"},\"query-input\":{\"@type\":\"PropertyValueSpecification\",\"valueRequired\":true,\"valueName\":\"search_term_string\"}}],\"inLanguage\":\"fr-FR\"},{\"@type\":\"Organization\",\"@id\":\"https:\/\/segreconduite.com\/#organization\",\"name\":\"segr\u00e9 conduite\",\"url\":\"https:\/\/segreconduite.com\/\",\"logo\":{\"@type\":\"ImageObject\",\"inLanguage\":\"fr-FR\",\"@id\":\"https:\/\/segreconduite.com\/#\/schema\/logo\/image\/\",\"url\":\"http:\/\/segreconduite.com\/wp-content\/uploads\/2017\/05\/cropped-2logo-fini-3Mx1M-1.jpg\",\"contentUrl\":\"http:\/\/segreconduite.com\/wp-content\/uploads\/2017\/05\/cropped-2logo-fini-3Mx1M-1.jpg\",\"width\":1360,\"height\":582,\"caption\":\"segr\u00e9 conduite\"},\"image\":{\"@id\":\"https:\/\/segreconduite.com\/#\/schema\/logo\/image\/\"},\"sameAs\":[\"https:\/\/www.facebook.com\/profile.php?id=100005710457316\"]}]}<\/script>\n<!-- \/ Yoast SEO plugin. -->","yoast_head_json":{"title":"La Conduite Accompagn\u00e9e -","robots":{"index":"index","follow":"follow","max-snippet":"max-snippet:-1","max-image-preview":"max-image-preview:large","max-video-preview":"max-video-preview:-1"},"canonical":"https:\/\/segreconduite.com\/index.php\/la-conduite-accompagnee\/","og_locale":"fr_FR","og_type":"article","og_title":"La Conduite Accompagn\u00e9e -","og_description":"L&rsquo;ELEVE : Le candidat\u00a0en conduite accompagn\u00e9e \u00a0doit \u00eatre \u00e2g\u00e9 d&rsquo;au moins 15 ans \u00a0lors de l&rsquo;inscription et d&rsquo;au moins 17 ans pour se pr\u00e9senter \u00e0 l&rsquo;\u00e9preuve pratique du permis de conduire B. L&rsquo;ACCOMPAGNATEUR : L&rsquo;accompagnateur doit \u00eatre titulaire du permis B depuis au moins cinq ans. Il est possible pour l&rsquo;\u00e9l\u00e8ve d&rsquo;avoir plusieurs accompagnateurs dans [&hellip;]","og_url":"https:\/\/segreconduite.com\/index.php\/la-conduite-accompagnee\/","article_publisher":"https:\/\/www.facebook.com\/profile.php?id=100005710457316","article_modified_time":"2020-05-02T13:10:29+00:00","og_image":[{"url":"http:\/\/segreconduite.com\/wp-content\/uploads\/2017\/08\/ca.jpg","type":"","width":"","height":""}],"twitter_card":"summary_large_image","twitter_misc":{"Dur\u00e9e de lecture estim\u00e9e":"2 minutes"},"schema":{"@context":"https:\/\/schema.org","@graph":[{"@type":"WebPage","@id":"https:\/\/segreconduite.com\/index.php\/la-conduite-accompagnee\/","url":"https:\/\/segreconduite.com\/index.php\/la-conduite-accompagnee\/","name":"La Conduite Accompagn\u00e9e -","isPartOf":{"@id":"https:\/\/segreconduite.com\/#website"},"primaryImageOfPage":{"@id":"https:\/\/segreconduite.com\/index.php\/la-conduite-accompagnee\/#primaryimage"},"image":{"@id":"https:\/\/segreconduite.com\/index.php\/la-conduite-accompagnee\/#primaryimage"},"thumbnailUrl":"http:\/\/segreconduite.com\/wp-content\/uploads\/2017\/08\/ca.jpg","datePublished":"2017-08-06T13:51:21+00:00","dateModified":"2020-05-02T13:10:29+00:00","breadcrumb":{"@id":"https:\/\/segreconduite.com\/index.php\/la-conduite-accompagnee\/#breadcrumb"},"inLanguage":"fr-FR","potentialAction":[{"@type":"ReadAction","target":["https:\/\/segreconduite.com\/index.php\/la-conduite-accompagnee\/"]}]},{"@type":"ImageObject","inLanguage":"fr-FR","@id":"https:\/\/segreconduite.com\/index.php\/la-conduite-accompagnee\/#primaryimage","url":"https:\/\/segreconduite.com\/wp-content\/uploads\/2017\/08\/ca.jpg","contentUrl":"https:\/\/segreconduite.com\/wp-content\/uploads\/2017\/08\/ca.jpg","width":225,"height":225},{"@type":"BreadcrumbList","@id":"https:\/\/segreconduite.com\/index.php\/la-conduite-accompagnee\/#breadcrumb","itemListElement":[{"@type":"ListItem","position":1,"name":"Accueil","item":"https:\/\/segreconduite.com\/"},{"@type":"ListItem","position":2,"name":"La Conduite Accompagn\u00e9e"}]},{"@type":"WebSite","@id":"https:\/\/segreconduite.com\/#website","url":"https:\/\/segreconduite.com\/","name":"","description":"","publisher":{"@id":"https:\/\/segreconduite.com\/#organization"},"potentialAction":[{"@type":"SearchAction","target":{"@type":"EntryPoint","urlTemplate":"https:\/\/segreconduite.com\/?s={search_term_string}"},"query-input":{"@type":"PropertyValueSpecification","valueRequired":true,"valueName":"search_term_string"}}],"inLanguage":"fr-FR"},{"@type":"Organization","@id":"https:\/\/segreconduite.com\/#organization","name":"segr\u00e9 conduite","url":"https:\/\/segreconduite.com\/","logo":{"@type":"ImageObject","inLanguage":"fr-FR","@id":"https:\/\/segreconduite.com\/#\/schema\/logo\/image\/","url":"http:\/\/segreconduite.com\/wp-content\/uploads\/2017\/05\/cropped-2logo-fini-3Mx1M-1.jpg","contentUrl":"http:\/\/segreconduite.com\/wp-content\/uploads\/2017\/05\/cropped-2logo-fini-3Mx1M-1.jpg","width":1360,"height":582,"caption":"segr\u00e9 conduite"},"image":{"@id":"https:\/\/segreconduite.com\/#\/schema\/logo\/image\/"},"sameAs":["https:\/\/www.facebook.com\/profile.php?id=100005710457316"]}]}},"_links":{"self":[{"href":"https:\/\/segreconduite.com\/index.php\/wp-json\/wp\/v2\/pages\/641","targetHints":{"allow":["GET"]}}],"collection":[{"href":"https:\/\/segreconduite.com\/index.php\/wp-json\/wp\/v2\/pages"}],"about":[{"href":"https:\/\/segreconduite.com\/index.php\/wp-json\/wp\/v2\/types\/page"}],"author":[{"embeddable":true,"href":"https:\/\/segreconduite.com\/index.php\/wp-json\/wp\/v2\/users\/1"}],"replies":[{"embeddable":true,"href":"https:\/\/segreconduite.com\/index.php\/wp-json\/wp\/v2\/comments?post=641"}],"version-history":[{"count":13,"href":"https:\/\/segreconduite.com\/index.php\/wp-json\/wp\/v2\/pages\/641\/revisions"}],"predecessor-version":[{"id":922,"href":"https:\/\/segreconduite.com\/index.php\/wp-json\/wp\/v2\/pages\/641\/revisions\/922"}],"wp:attachment":[{"href":"https:\/\/segreconduite.com\/index.php\/wp-json\/wp\/v2\/media?parent=641"}],"curies":[{"name":"wp","href":"https:\/\/api.w.org\/{rel}","templated":true}]}}