{"id":328,"date":"2017-06-11T22:52:16","date_gmt":"2017-06-11T20:52:16","guid":{"rendered":"http:\/\/segreconduite.com\/?page_id=328"},"modified":"2025-12-31T08:18:10","modified_gmt":"2025-12-31T07:18:10","slug":"permis-am-bsr","status":"publish","type":"page","link":"https:\/\/segreconduite.com\/index.php\/permis-am-bsr\/","title":{"rendered":"Permis AM (BSR) tarifs et r\u00e9glementation"},"content":{"rendered":"<a href=\"https:\/\/segreconduite.com\/wp-content\/uploads\/2025\/12\/Permis-AM-26.pdf\" class=\"pdfemb-viewer\" style=\"\" data-width=\"max\" data-height=\"max\" data-toolbar=\"bottom\" data-toolbar-fixed=\"off\">Permis-AM-26<\/a>\n\n<p><strong><span style=\"color: #ff6600;\">C\u2019EST QUOI ?<\/span><\/strong><\/p>\n<p><strong>Le BSR<\/strong> (ou la cat\u00e9gorie <strong>AM<\/strong> du permis de conduire) permet de conduire <strong>d\u00e8s l&rsquo;\u00e2ge de 14 ans<\/strong> :<br \/>\u2022 un cyclomoteur d&rsquo;une cylindr\u00e9e de 50 cm\u00b3 maximum (moteur \u00e0 combustion interne) ou d&rsquo;une puissance maximale de 4 kW (autres motorisations) et qui ne d\u00e9passe pas 45 km\/h de vitesse,<br \/>\u2022 ou un quadricycle l\u00e9ger \u00e0 moteur d&rsquo;une puissance maximale de 4kw (mini-voitures class\u00e9es \u00ab\u00a0voiturettes\u00a0\u00bb ou quads dont la cylindr\u00e9e n&rsquo;exc\u00e8de pas 50cm\u00b3) et qui ne d\u00e9passe pas 45 km\/h de vitesse.<\/p>\n<hr \/>\n<p><strong><span style=\"color: #ff6600;\">CA CONCERNE QUI ?<\/span><\/strong><\/p>\n<p><strong><em>Vous \u00eates n\u00e9s avant le 1er janvier 1988 :<\/em><\/strong><\/p>\n<p>Que vous soyez ou non titulaire d&rsquo;un permis de conduire, vous pouvez conduire un cyclomoteur de 50 cm\u00b3 ou 4 kw ou une voiturette sans formalit\u00e9 particuli\u00e8re.<\/p>\n<p><strong><em>Vous \u00eates n\u00e9s apr\u00e8s le 1er Janvier 1988 :<\/em><\/strong><\/p>\n<p>Pour conduire un cyclomoteur de 50 cm\u00b3 (ou 4 kw) ou une voiturette, vous devez \u00eatre titulaire :<br \/>\u2022 soit d&rsquo;une cat\u00e9gorie du permis autre que la cat\u00e9gorie AM,<br \/>\u2022 soit de la cat\u00e9gorie AM (obligatoire pour un jeune atteignant 14 ans),<br \/>\u2022 soit d&rsquo;un titre \u00e9quivalent d\u00e9livr\u00e9 par un \u00c9tat de l&rsquo;Union europ\u00e9enne ou de l&rsquo;Espace \u00e9conomique europ\u00e9en (EEE).<\/p>\n<hr \/>\n<p><strong><span style=\"color: #ff6600;\">QUELLE EST LA FORMATION ?<\/span><\/strong><\/p>\n<p><span style=\"color: #ff6600;\">IMPORTANT<\/span> : l&rsquo;ASSR de 1er ou de 2e niveau ou l&rsquo;ASR est obligatoire pour s&rsquo;inscrire \u00e0 la formation pratique du BSR et n&rsquo;autorise pas le jeune \u00e0 conduire un v\u00e9hicule \u00e0 moteur.<\/p>\n<p><strong>Une formation de 8 heures<\/strong> minimum dont une avec un\u00a0 parent.<\/p>\n<p><strong><em>2 heures<\/em><\/strong> d\u2019enseignement hors circulation.<\/p>\n<p><strong><em>4 heures<\/em><\/strong> de conduite sur les voies ouvertes \u00e0 la circulation publique.<\/p>\n<p><strong><em>1 heure<\/em> <\/strong>de sensibilisation aux risques.<\/p>\n<p><span style=\"color: #ff6600;\"><strong>Pour la formation nous vous demandons de pr\u00e9voir :<\/strong><\/span><\/p>\n<ul>\n<li><span style=\"color: #00ccff;\">Un casque homologu\u00e9\u00a0<\/span><\/li>\n<li><span style=\"color: #00ccff;\">Des gants aux normes europ\u00e9ennes <\/span><\/li>\n<li><span style=\"color: #00ccff;\">Un blouson pour 2 roues<\/span><\/li>\n<li><span style=\"color: #00ccff;\">des bottes ou des chaussures montantes ferm\u00e9es.<\/span><\/li>\n<\/ul>\n<p><span style=\"color: #ff6600;\"><strong>Les deux roues sont fournis par notre \u00e9tablissement. <\/strong><\/span><\/p>","protected":false},"excerpt":{"rendered":"<p>C\u2019EST QUOI ? Le BSR (ou la cat\u00e9gorie AM du permis de conduire) permet de conduire d\u00e8s l&rsquo;\u00e2ge de 14 ans :\u2022 un cyclomoteur d&rsquo;une cylindr\u00e9e de 50 cm\u00b3 maximum (moteur \u00e0 combustion interne) ou d&rsquo;une puissance maximale de 4 kW (autres motorisations) et qui ne d\u00e9passe pas 45 km\/h de vitesse,\u2022 ou un quadricycle [&hellip;]<\/p>\n","protected":false},"author":1,"featured_media":0,"parent":0,"menu_order":0,"comment_status":"closed","ping_status":"closed","template":"","meta":{"footnotes":""},"class_list":["post-328","page","type-page","status-publish","hentry"],"yoast_head":"<!-- This site is optimized with the Yoast SEO plugin v24.5 - https:\/\/yoast.com\/wordpress\/plugins\/seo\/ -->\n<title>Permis AM (BSR) tarifs et r\u00e9glementation -<\/title>\n<meta name=\"robots\" content=\"index, follow, max-snippet:-1, max-image-preview:large, max-video-preview:-1\" \/>\n<link rel=\"canonical\" href=\"https:\/\/segreconduite.com\/index.php\/permis-am-bsr\/\" \/>\n<meta property=\"og:locale\" content=\"fr_FR\" \/>\n<meta property=\"og:type\" content=\"article\" \/>\n<meta property=\"og:title\" content=\"Permis AM (BSR) tarifs et r\u00e9glementation -\" \/>\n<meta property=\"og:description\" content=\"C\u2019EST QUOI ? Le BSR (ou la cat\u00e9gorie AM du permis de conduire) permet de conduire d\u00e8s l&rsquo;\u00e2ge de 14 ans :\u2022 un cyclomoteur d&rsquo;une cylindr\u00e9e de 50 cm\u00b3 maximum (moteur \u00e0 combustion interne) ou d&rsquo;une puissance maximale de 4 kW (autres motorisations) et qui ne d\u00e9passe pas 45 km\/h de vitesse,\u2022 ou un quadricycle [&hellip;]\" \/>\n<meta property=\"og:url\" content=\"https:\/\/segreconduite.com\/index.php\/permis-am-bsr\/\" \/>\n<meta property=\"article:publisher\" content=\"https:\/\/www.facebook.com\/profile.php?id=100005710457316\" \/>\n<meta property=\"article:modified_time\" content=\"2025-12-31T07:18:10+00:00\" \/>\n<meta name=\"twitter:card\" content=\"summary_large_image\" \/>\n<meta name=\"twitter:label1\" content=\"Dur\u00e9e de lecture estim\u00e9e\" \/>\n\t<meta name=\"twitter:data1\" content=\"2 minutes\" \/>\n<script type=\"application\/ld+json\" class=\"yoast-schema-graph\">{\"@context\":\"https:\/\/schema.org\",\"@graph\":[{\"@type\":\"WebPage\",\"@id\":\"https:\/\/segreconduite.com\/index.php\/permis-am-bsr\/\",\"url\":\"https:\/\/segreconduite.com\/index.php\/permis-am-bsr\/\",\"name\":\"Permis AM (BSR) tarifs et r\u00e9glementation -\",\"isPartOf\":{\"@id\":\"https:\/\/segreconduite.com\/#website\"},\"datePublished\":\"2017-06-11T20:52:16+00:00\",\"dateModified\":\"2025-12-31T07:18:10+00:00\",\"breadcrumb\":{\"@id\":\"https:\/\/segreconduite.com\/index.php\/permis-am-bsr\/#breadcrumb\"},\"inLanguage\":\"fr-FR\",\"potentialAction\":[{\"@type\":\"ReadAction\",\"target\":[\"https:\/\/segreconduite.com\/index.php\/permis-am-bsr\/\"]}]},{\"@type\":\"BreadcrumbList\",\"@id\":\"https:\/\/segreconduite.com\/index.php\/permis-am-bsr\/#breadcrumb\",\"itemListElement\":[{\"@type\":\"ListItem\",\"position\":1,\"name\":\"Accueil\",\"item\":\"https:\/\/segreconduite.com\/\"},{\"@type\":\"ListItem\",\"position\":2,\"name\":\"Permis AM (BSR) tarifs et r\u00e9glementation\"}]},{\"@type\":\"WebSite\",\"@id\":\"https:\/\/segreconduite.com\/#website\",\"url\":\"https:\/\/segreconduite.com\/\",\"name\":\"\",\"description\":\"\",\"publisher\":{\"@id\":\"https:\/\/segreconduite.com\/#organization\"},\"potentialAction\":[{\"@type\":\"SearchAction\",\"target\":{\"@type\":\"EntryPoint\",\"urlTemplate\":\"https:\/\/segreconduite.com\/?s={search_term_string}\"},\"query-input\":{\"@type\":\"PropertyValueSpecification\",\"valueRequired\":true,\"valueName\":\"search_term_string\"}}],\"inLanguage\":\"fr-FR\"},{\"@type\":\"Organization\",\"@id\":\"https:\/\/segreconduite.com\/#organization\",\"name\":\"segr\u00e9 conduite\",\"url\":\"https:\/\/segreconduite.com\/\",\"logo\":{\"@type\":\"ImageObject\",\"inLanguage\":\"fr-FR\",\"@id\":\"https:\/\/segreconduite.com\/#\/schema\/logo\/image\/\",\"url\":\"http:\/\/segreconduite.com\/wp-content\/uploads\/2017\/05\/cropped-2logo-fini-3Mx1M-1.jpg\",\"contentUrl\":\"http:\/\/segreconduite.com\/wp-content\/uploads\/2017\/05\/cropped-2logo-fini-3Mx1M-1.jpg\",\"width\":1360,\"height\":582,\"caption\":\"segr\u00e9 conduite\"},\"image\":{\"@id\":\"https:\/\/segreconduite.com\/#\/schema\/logo\/image\/\"},\"sameAs\":[\"https:\/\/www.facebook.com\/profile.php?id=100005710457316\"]}]}<\/script>\n<!-- \/ Yoast SEO plugin. -->","yoast_head_json":{"title":"Permis AM (BSR) tarifs et r\u00e9glementation -","robots":{"index":"index","follow":"follow","max-snippet":"max-snippet:-1","max-image-preview":"max-image-preview:large","max-video-preview":"max-video-preview:-1"},"canonical":"https:\/\/segreconduite.com\/index.php\/permis-am-bsr\/","og_locale":"fr_FR","og_type":"article","og_title":"Permis AM (BSR) tarifs et r\u00e9glementation -","og_description":"C\u2019EST QUOI ? Le BSR (ou la cat\u00e9gorie AM du permis de conduire) permet de conduire d\u00e8s l&rsquo;\u00e2ge de 14 ans :\u2022 un cyclomoteur d&rsquo;une cylindr\u00e9e de 50 cm\u00b3 maximum (moteur \u00e0 combustion interne) ou d&rsquo;une puissance maximale de 4 kW (autres motorisations) et qui ne d\u00e9passe pas 45 km\/h de vitesse,\u2022 ou un quadricycle [&hellip;]","og_url":"https:\/\/segreconduite.com\/index.php\/permis-am-bsr\/","article_publisher":"https:\/\/www.facebook.com\/profile.php?id=100005710457316","article_modified_time":"2025-12-31T07:18:10+00:00","twitter_card":"summary_large_image","twitter_misc":{"Dur\u00e9e de lecture estim\u00e9e":"2 minutes"},"schema":{"@context":"https:\/\/schema.org","@graph":[{"@type":"WebPage","@id":"https:\/\/segreconduite.com\/index.php\/permis-am-bsr\/","url":"https:\/\/segreconduite.com\/index.php\/permis-am-bsr\/","name":"Permis AM (BSR) tarifs et r\u00e9glementation -","isPartOf":{"@id":"https:\/\/segreconduite.com\/#website"},"datePublished":"2017-06-11T20:52:16+00:00","dateModified":"2025-12-31T07:18:10+00:00","breadcrumb":{"@id":"https:\/\/segreconduite.com\/index.php\/permis-am-bsr\/#breadcrumb"},"inLanguage":"fr-FR","potentialAction":[{"@type":"ReadAction","target":["https:\/\/segreconduite.com\/index.php\/permis-am-bsr\/"]}]},{"@type":"BreadcrumbList","@id":"https:\/\/segreconduite.com\/index.php\/permis-am-bsr\/#breadcrumb","itemListElement":[{"@type":"ListItem","position":1,"name":"Accueil","item":"https:\/\/segreconduite.com\/"},{"@type":"ListItem","position":2,"name":"Permis AM (BSR) tarifs et r\u00e9glementation"}]},{"@type":"WebSite","@id":"https:\/\/segreconduite.com\/#website","url":"https:\/\/segreconduite.com\/","name":"","description":"","publisher":{"@id":"https:\/\/segreconduite.com\/#organization"},"potentialAction":[{"@type":"SearchAction","target":{"@type":"EntryPoint","urlTemplate":"https:\/\/segreconduite.com\/?s={search_term_string}"},"query-input":{"@type":"PropertyValueSpecification","valueRequired":true,"valueName":"search_term_string"}}],"inLanguage":"fr-FR"},{"@type":"Organization","@id":"https:\/\/segreconduite.com\/#organization","name":"segr\u00e9 conduite","url":"https:\/\/segreconduite.com\/","logo":{"@type":"ImageObject","inLanguage":"fr-FR","@id":"https:\/\/segreconduite.com\/#\/schema\/logo\/image\/","url":"http:\/\/segreconduite.com\/wp-content\/uploads\/2017\/05\/cropped-2logo-fini-3Mx1M-1.jpg","contentUrl":"http:\/\/segreconduite.com\/wp-content\/uploads\/2017\/05\/cropped-2logo-fini-3Mx1M-1.jpg","width":1360,"height":582,"caption":"segr\u00e9 conduite"},"image":{"@id":"https:\/\/segreconduite.com\/#\/schema\/logo\/image\/"},"sameAs":["https:\/\/www.facebook.com\/profile.php?id=100005710457316"]}]}},"_links":{"self":[{"href":"https:\/\/segreconduite.com\/index.php\/wp-json\/wp\/v2\/pages\/328","targetHints":{"allow":["GET"]}}],"collection":[{"href":"https:\/\/segreconduite.com\/index.php\/wp-json\/wp\/v2\/pages"}],"about":[{"href":"https:\/\/segreconduite.com\/index.php\/wp-json\/wp\/v2\/types\/page"}],"author":[{"embeddable":true,"href":"https:\/\/segreconduite.com\/index.php\/wp-json\/wp\/v2\/users\/1"}],"replies":[{"embeddable":true,"href":"https:\/\/segreconduite.com\/index.php\/wp-json\/wp\/v2\/comments?post=328"}],"version-history":[{"count":41,"href":"https:\/\/segreconduite.com\/index.php\/wp-json\/wp\/v2\/pages\/328\/revisions"}],"predecessor-version":[{"id":1754,"href":"https:\/\/segreconduite.com\/index.php\/wp-json\/wp\/v2\/pages\/328\/revisions\/1754"}],"wp:attachment":[{"href":"https:\/\/segreconduite.com\/index.php\/wp-json\/wp\/v2\/media?parent=328"}],"curies":[{"name":"wp","href":"https:\/\/api.w.org\/{rel}","templated":true}]}}