{"id":255,"date":"2017-06-05T00:00:55","date_gmt":"2017-06-04T22:00:55","guid":{"rendered":"http:\/\/segreconduite.com\/?page_id=255"},"modified":"2022-05-05T21:42:23","modified_gmt":"2022-05-05T19:42:23","slug":"nos-partenaires","status":"publish","type":"page","link":"https:\/\/segreconduite.com\/index.php\/nos-partenaires\/","title":{"rendered":"Nos partenaires"},"content":{"rendered":"<p><strong>\u00a0ESSHA FOOTBALL<\/strong> <a href=\"https:\/\/essegrefoot.footeo.com\/\">https:\/\/essegrefoot.footeo.com\/<\/a><\/p>\n<p>ESSHA Football est notre plus ancien partenariat. Jeux de maillots, publicit\u00e9 sur les d\u00e9pliants, panneau publicitaire autours du stade.<\/p>\n<p><span style=\"color: #ffff00;\">Toutes les joueuses<\/span> et <span style=\"color: #ffff00;\">tous les joueurs<\/span> du club b\u00e9n\u00e9ficient \u00e0 l&rsquo;inscription dans notre \u00e9cole de conduite<span style=\"color: #ffff00;\"> d&rsquo;une <strong>remise de 50% <\/strong>sur le tarif du forfait code<\/span> <span style=\"color: #ffff00;\">! (permis B)<\/span><\/p>\n<p><img loading=\"lazy\" decoding=\"async\" class=\"wp-image-275 aligncenter\" src=\"http:\/\/segreconduite.com\/wp-content\/uploads\/2017\/06\/16708713_652118361655173_7728223063813101148_n-300x283.jpg\" alt=\"\" width=\"302\" height=\"285\" srcset=\"https:\/\/segreconduite.com\/wp-content\/uploads\/2017\/06\/16708713_652118361655173_7728223063813101148_n-300x283.jpg 300w, https:\/\/segreconduite.com\/wp-content\/uploads\/2017\/06\/16708713_652118361655173_7728223063813101148_n-768x723.jpg 768w, https:\/\/segreconduite.com\/wp-content\/uploads\/2017\/06\/16708713_652118361655173_7728223063813101148_n.jpg 960w\" sizes=\"auto, (max-width: 302px) 100vw, 302px\" \/><\/p>\n<p>\u00a0<\/p>\n<p>\u00a0<\/p>\n<p>FOOT STE GEMMES D&rsquo;ANDIGNE \u00a0<a href=\"https:\/\/scg-football.footeo.com\/\">https:\/\/scg-football.footeo.com\/<\/a> <span style=\"color: #ff6600;\">\u00a0\u00a0<\/span><\/p>\n<h1><strong><img loading=\"lazy\" decoding=\"async\" class=\"wp-image-288 aligncenter\" src=\"http:\/\/segreconduite.com\/wp-content\/uploads\/2017\/06\/IMG_1474-300x225.jpg\" alt=\"\" width=\"221\" height=\"166\" srcset=\"https:\/\/segreconduite.com\/wp-content\/uploads\/2017\/06\/IMG_1474-300x225.jpg 300w, https:\/\/segreconduite.com\/wp-content\/uploads\/2017\/06\/IMG_1474-768x576.jpg 768w, https:\/\/segreconduite.com\/wp-content\/uploads\/2017\/06\/IMG_1474-1024x768.jpg 1024w\" sizes=\"auto, (max-width: 221px) 100vw, 221px\" \/><\/strong><\/h1>\n<p><strong>COURSE CYCLISTE NANTES-SEGRE<\/strong> <a href=\"http:\/\/www.nantes-segre-organisations.fr\/\">http:\/\/www.nantes-segre-organisations.fr\/<\/a>\u00a0<\/p>\n<p><img loading=\"lazy\" decoding=\"async\" class=\"size-medium wp-image-1101 aligncenter\" src=\"http:\/\/segreconduite.com\/wp-content\/uploads\/2020\/08\/nantes-segr\u00e9-204x300.jpg\" alt=\"\" width=\"204\" height=\"300\" srcset=\"https:\/\/segreconduite.com\/wp-content\/uploads\/2020\/08\/nantes-segr\u00e9-204x300.jpg 204w, https:\/\/segreconduite.com\/wp-content\/uploads\/2020\/08\/nantes-segr\u00e9-697x1024.jpg 697w, https:\/\/segreconduite.com\/wp-content\/uploads\/2020\/08\/nantes-segr\u00e9.jpg 700w\" sizes=\"auto, (max-width: 204px) 100vw, 204px\" \/><\/p>\n\n\n<p>RCHA <a href=\"https:\/\/rcha-rugby-segre.ffr.fr\/\">https:\/\/rcha-rugby-segre.ffr.fr\/<\/a><\/p>\n\n\n\n<p>Le club de rugby de Segr\u00e9 devient notre tout nouveau partenaire.<\/p>\n\n\n\n<p><span style=\"color:#fdf904\" class=\"has-inline-color\">Toutes les joueuses et tous les joueurs<\/span><span style=\"color:#dae113\" class=\"has-inline-color\"> <\/span>du club de rugby b\u00e9n\u00e9ficient \u00e0 l&rsquo;inscription dans notre \u00e9cole de conduite d&rsquo;une <span style=\"color:#fcfc05\" class=\"has-inline-color\"><strong>remise de 50 euros <\/strong>sur le tarif du forfait code !<\/span><span class=\"has-inline-color has-white-color\"> <\/span><span style=\"color:#eff705\" class=\"has-inline-color\">(permis B)<\/span><\/p>\n\n\n\n<div class=\"wp-block-image\"><figure class=\"aligncenter size-large is-resized\"><img loading=\"lazy\" decoding=\"async\" src=\"http:\/\/segreconduite.com\/wp-content\/uploads\/2021\/11\/logo-rugby-1.jpg\" alt=\"\" class=\"wp-image-1352\" width=\"195\" height=\"195\" srcset=\"https:\/\/segreconduite.com\/wp-content\/uploads\/2021\/11\/logo-rugby-1.jpg 225w, https:\/\/segreconduite.com\/wp-content\/uploads\/2021\/11\/logo-rugby-1-150x150.jpg 150w\" sizes=\"auto, (max-width: 195px) 100vw, 195px\" \/><\/figure><\/div>\n","protected":false},"excerpt":{"rendered":"<p>\u00a0ESSHA FOOTBALL https:\/\/essegrefoot.footeo.com\/ ESSHA Football est notre plus ancien partenariat. Jeux de maillots, publicit\u00e9 sur les d\u00e9pliants, panneau publicitaire autours du stade. Toutes les joueuses et tous les joueurs du club b\u00e9n\u00e9ficient \u00e0 l&rsquo;inscription dans notre \u00e9cole de conduite d&rsquo;une remise de 50% sur le tarif du forfait code ! (permis B) \u00a0 \u00a0 FOOT [&hellip;]<\/p>\n","protected":false},"author":1,"featured_media":0,"parent":0,"menu_order":0,"comment_status":"closed","ping_status":"closed","template":"","meta":{"footnotes":""},"class_list":["post-255","page","type-page","status-publish","hentry"],"yoast_head":"<!-- This site is optimized with the Yoast SEO plugin v24.5 - https:\/\/yoast.com\/wordpress\/plugins\/seo\/ -->\n<title>Nos partenaires -<\/title>\n<meta name=\"robots\" content=\"index, follow, max-snippet:-1, max-image-preview:large, max-video-preview:-1\" \/>\n<link rel=\"canonical\" href=\"https:\/\/segreconduite.com\/index.php\/nos-partenaires\/\" \/>\n<meta property=\"og:locale\" content=\"fr_FR\" \/>\n<meta property=\"og:type\" content=\"article\" \/>\n<meta property=\"og:title\" content=\"Nos partenaires -\" \/>\n<meta property=\"og:description\" content=\"\u00a0ESSHA FOOTBALL https:\/\/essegrefoot.footeo.com\/ ESSHA Football est notre plus ancien partenariat. Jeux de maillots, publicit\u00e9 sur les d\u00e9pliants, panneau publicitaire autours du stade. Toutes les joueuses et tous les joueurs du club b\u00e9n\u00e9ficient \u00e0 l&rsquo;inscription dans notre \u00e9cole de conduite d&rsquo;une remise de 50% sur le tarif du forfait code ! (permis B) \u00a0 \u00a0 FOOT [&hellip;]\" \/>\n<meta property=\"og:url\" content=\"https:\/\/segreconduite.com\/index.php\/nos-partenaires\/\" \/>\n<meta property=\"article:publisher\" content=\"https:\/\/www.facebook.com\/profile.php?id=100005710457316\" \/>\n<meta property=\"article:modified_time\" content=\"2022-05-05T19:42:23+00:00\" \/>\n<meta property=\"og:image\" content=\"http:\/\/segreconduite.com\/wp-content\/uploads\/2017\/06\/16708713_652118361655173_7728223063813101148_n-300x283.jpg\" \/>\n<meta name=\"twitter:card\" content=\"summary_large_image\" \/>\n<meta name=\"twitter:label1\" content=\"Dur\u00e9e de lecture estim\u00e9e\" \/>\n\t<meta name=\"twitter:data1\" content=\"2 minutes\" \/>\n<script type=\"application\/ld+json\" class=\"yoast-schema-graph\">{\"@context\":\"https:\/\/schema.org\",\"@graph\":[{\"@type\":\"WebPage\",\"@id\":\"https:\/\/segreconduite.com\/index.php\/nos-partenaires\/\",\"url\":\"https:\/\/segreconduite.com\/index.php\/nos-partenaires\/\",\"name\":\"Nos partenaires -\",\"isPartOf\":{\"@id\":\"https:\/\/segreconduite.com\/#website\"},\"primaryImageOfPage\":{\"@id\":\"https:\/\/segreconduite.com\/index.php\/nos-partenaires\/#primaryimage\"},\"image\":{\"@id\":\"https:\/\/segreconduite.com\/index.php\/nos-partenaires\/#primaryimage\"},\"thumbnailUrl\":\"http:\/\/segreconduite.com\/wp-content\/uploads\/2017\/06\/16708713_652118361655173_7728223063813101148_n-300x283.jpg\",\"datePublished\":\"2017-06-04T22:00:55+00:00\",\"dateModified\":\"2022-05-05T19:42:23+00:00\",\"breadcrumb\":{\"@id\":\"https:\/\/segreconduite.com\/index.php\/nos-partenaires\/#breadcrumb\"},\"inLanguage\":\"fr-FR\",\"potentialAction\":[{\"@type\":\"ReadAction\",\"target\":[\"https:\/\/segreconduite.com\/index.php\/nos-partenaires\/\"]}]},{\"@type\":\"ImageObject\",\"inLanguage\":\"fr-FR\",\"@id\":\"https:\/\/segreconduite.com\/index.php\/nos-partenaires\/#primaryimage\",\"url\":\"https:\/\/segreconduite.com\/wp-content\/uploads\/2017\/06\/16708713_652118361655173_7728223063813101148_n.jpg\",\"contentUrl\":\"https:\/\/segreconduite.com\/wp-content\/uploads\/2017\/06\/16708713_652118361655173_7728223063813101148_n.jpg\",\"width\":960,\"height\":904},{\"@type\":\"BreadcrumbList\",\"@id\":\"https:\/\/segreconduite.com\/index.php\/nos-partenaires\/#breadcrumb\",\"itemListElement\":[{\"@type\":\"ListItem\",\"position\":1,\"name\":\"Accueil\",\"item\":\"https:\/\/segreconduite.com\/\"},{\"@type\":\"ListItem\",\"position\":2,\"name\":\"Nos partenaires\"}]},{\"@type\":\"WebSite\",\"@id\":\"https:\/\/segreconduite.com\/#website\",\"url\":\"https:\/\/segreconduite.com\/\",\"name\":\"\",\"description\":\"\",\"publisher\":{\"@id\":\"https:\/\/segreconduite.com\/#organization\"},\"potentialAction\":[{\"@type\":\"SearchAction\",\"target\":{\"@type\":\"EntryPoint\",\"urlTemplate\":\"https:\/\/segreconduite.com\/?s={search_term_string}\"},\"query-input\":{\"@type\":\"PropertyValueSpecification\",\"valueRequired\":true,\"valueName\":\"search_term_string\"}}],\"inLanguage\":\"fr-FR\"},{\"@type\":\"Organization\",\"@id\":\"https:\/\/segreconduite.com\/#organization\",\"name\":\"segr\u00e9 conduite\",\"url\":\"https:\/\/segreconduite.com\/\",\"logo\":{\"@type\":\"ImageObject\",\"inLanguage\":\"fr-FR\",\"@id\":\"https:\/\/segreconduite.com\/#\/schema\/logo\/image\/\",\"url\":\"http:\/\/segreconduite.com\/wp-content\/uploads\/2017\/05\/cropped-2logo-fini-3Mx1M-1.jpg\",\"contentUrl\":\"http:\/\/segreconduite.com\/wp-content\/uploads\/2017\/05\/cropped-2logo-fini-3Mx1M-1.jpg\",\"width\":1360,\"height\":582,\"caption\":\"segr\u00e9 conduite\"},\"image\":{\"@id\":\"https:\/\/segreconduite.com\/#\/schema\/logo\/image\/\"},\"sameAs\":[\"https:\/\/www.facebook.com\/profile.php?id=100005710457316\"]}]}<\/script>\n<!-- \/ Yoast SEO plugin. -->","yoast_head_json":{"title":"Nos partenaires -","robots":{"index":"index","follow":"follow","max-snippet":"max-snippet:-1","max-image-preview":"max-image-preview:large","max-video-preview":"max-video-preview:-1"},"canonical":"https:\/\/segreconduite.com\/index.php\/nos-partenaires\/","og_locale":"fr_FR","og_type":"article","og_title":"Nos partenaires -","og_description":"\u00a0ESSHA FOOTBALL https:\/\/essegrefoot.footeo.com\/ ESSHA Football est notre plus ancien partenariat. Jeux de maillots, publicit\u00e9 sur les d\u00e9pliants, panneau publicitaire autours du stade. Toutes les joueuses et tous les joueurs du club b\u00e9n\u00e9ficient \u00e0 l&rsquo;inscription dans notre \u00e9cole de conduite d&rsquo;une remise de 50% sur le tarif du forfait code ! (permis B) \u00a0 \u00a0 FOOT [&hellip;]","og_url":"https:\/\/segreconduite.com\/index.php\/nos-partenaires\/","article_publisher":"https:\/\/www.facebook.com\/profile.php?id=100005710457316","article_modified_time":"2022-05-05T19:42:23+00:00","og_image":[{"url":"http:\/\/segreconduite.com\/wp-content\/uploads\/2017\/06\/16708713_652118361655173_7728223063813101148_n-300x283.jpg","type":"","width":"","height":""}],"twitter_card":"summary_large_image","twitter_misc":{"Dur\u00e9e de lecture estim\u00e9e":"2 minutes"},"schema":{"@context":"https:\/\/schema.org","@graph":[{"@type":"WebPage","@id":"https:\/\/segreconduite.com\/index.php\/nos-partenaires\/","url":"https:\/\/segreconduite.com\/index.php\/nos-partenaires\/","name":"Nos partenaires -","isPartOf":{"@id":"https:\/\/segreconduite.com\/#website"},"primaryImageOfPage":{"@id":"https:\/\/segreconduite.com\/index.php\/nos-partenaires\/#primaryimage"},"image":{"@id":"https:\/\/segreconduite.com\/index.php\/nos-partenaires\/#primaryimage"},"thumbnailUrl":"http:\/\/segreconduite.com\/wp-content\/uploads\/2017\/06\/16708713_652118361655173_7728223063813101148_n-300x283.jpg","datePublished":"2017-06-04T22:00:55+00:00","dateModified":"2022-05-05T19:42:23+00:00","breadcrumb":{"@id":"https:\/\/segreconduite.com\/index.php\/nos-partenaires\/#breadcrumb"},"inLanguage":"fr-FR","potentialAction":[{"@type":"ReadAction","target":["https:\/\/segreconduite.com\/index.php\/nos-partenaires\/"]}]},{"@type":"ImageObject","inLanguage":"fr-FR","@id":"https:\/\/segreconduite.com\/index.php\/nos-partenaires\/#primaryimage","url":"https:\/\/segreconduite.com\/wp-content\/uploads\/2017\/06\/16708713_652118361655173_7728223063813101148_n.jpg","contentUrl":"https:\/\/segreconduite.com\/wp-content\/uploads\/2017\/06\/16708713_652118361655173_7728223063813101148_n.jpg","width":960,"height":904},{"@type":"BreadcrumbList","@id":"https:\/\/segreconduite.com\/index.php\/nos-partenaires\/#breadcrumb","itemListElement":[{"@type":"ListItem","position":1,"name":"Accueil","item":"https:\/\/segreconduite.com\/"},{"@type":"ListItem","position":2,"name":"Nos partenaires"}]},{"@type":"WebSite","@id":"https:\/\/segreconduite.com\/#website","url":"https:\/\/segreconduite.com\/","name":"","description":"","publisher":{"@id":"https:\/\/segreconduite.com\/#organization"},"potentialAction":[{"@type":"SearchAction","target":{"@type":"EntryPoint","urlTemplate":"https:\/\/segreconduite.com\/?s={search_term_string}"},"query-input":{"@type":"PropertyValueSpecification","valueRequired":true,"valueName":"search_term_string"}}],"inLanguage":"fr-FR"},{"@type":"Organization","@id":"https:\/\/segreconduite.com\/#organization","name":"segr\u00e9 conduite","url":"https:\/\/segreconduite.com\/","logo":{"@type":"ImageObject","inLanguage":"fr-FR","@id":"https:\/\/segreconduite.com\/#\/schema\/logo\/image\/","url":"http:\/\/segreconduite.com\/wp-content\/uploads\/2017\/05\/cropped-2logo-fini-3Mx1M-1.jpg","contentUrl":"http:\/\/segreconduite.com\/wp-content\/uploads\/2017\/05\/cropped-2logo-fini-3Mx1M-1.jpg","width":1360,"height":582,"caption":"segr\u00e9 conduite"},"image":{"@id":"https:\/\/segreconduite.com\/#\/schema\/logo\/image\/"},"sameAs":["https:\/\/www.facebook.com\/profile.php?id=100005710457316"]}]}},"_links":{"self":[{"href":"https:\/\/segreconduite.com\/index.php\/wp-json\/wp\/v2\/pages\/255","targetHints":{"allow":["GET"]}}],"collection":[{"href":"https:\/\/segreconduite.com\/index.php\/wp-json\/wp\/v2\/pages"}],"about":[{"href":"https:\/\/segreconduite.com\/index.php\/wp-json\/wp\/v2\/types\/page"}],"author":[{"embeddable":true,"href":"https:\/\/segreconduite.com\/index.php\/wp-json\/wp\/v2\/users\/1"}],"replies":[{"embeddable":true,"href":"https:\/\/segreconduite.com\/index.php\/wp-json\/wp\/v2\/comments?post=255"}],"version-history":[{"count":46,"href":"https:\/\/segreconduite.com\/index.php\/wp-json\/wp\/v2\/pages\/255\/revisions"}],"predecessor-version":[{"id":1387,"href":"https:\/\/segreconduite.com\/index.php\/wp-json\/wp\/v2\/pages\/255\/revisions\/1387"}],"wp:attachment":[{"href":"https:\/\/segreconduite.com\/index.php\/wp-json\/wp\/v2\/media?parent=255"}],"curies":[{"name":"wp","href":"https:\/\/api.w.org\/{rel}","templated":true}]}}