{"id":222,"date":"2017-06-03T00:38:42","date_gmt":"2017-06-02T22:38:42","guid":{"rendered":"http:\/\/segreconduite.com\/?page_id=222"},"modified":"2025-02-18T09:57:26","modified_gmt":"2025-02-18T08:57:26","slug":"liens-utiles","status":"publish","type":"page","link":"https:\/\/segreconduite.com\/index.php\/liens-utiles\/","title":{"rendered":"Inscription \u00e0 l&rsquo;examen du code"},"content":{"rendered":"<p><span style=\"color: #ff6600;\"><b><i>\u00a0<\/i><\/b><\/span>Cliquez ici :<a href=\"https:\/\/www.examen-code-de-la-route.objectifcode.sgs.com\/pays-de-la-loire\/maine-et-loire\/segre-en-anjou-bleu\/6-rue-ernest-renan?type_permis=B&amp;date_debut_recherche=2023-12-05\">https:\/\/www.objectifcode.sgs.com\/salle-examen-segre-mairie<\/a><\/p>\n<ul>\n<li><a href=\"http:\/\/segreconduite.com\/wp-content\/uploads\/2017\/06\/sans-titre.bmp\"><img loading=\"lazy\" decoding=\"async\" class=\"alignnone size-medium wp-image-226\" src=\"http:\/\/segreconduite.com\/wp-content\/uploads\/2017\/06\/sans-titre-300x160.jpg\" alt=\"\" width=\"300\" height=\"160\" \/><\/a><\/li>\n<li>Je pense \u00e0 demander mon num\u00e9ro NEPH \u00e0 mon auto-\u00e9cole !<\/li>\n<li>je choisis la date de mon examen !<\/li>\n<li>je choisis l&rsquo;heure de mon examen !<\/li>\n<li>je re\u00e7ois la r\u00e9servation par Mail !<\/li>\n<li>Je remplis consciencieusement le formulaire !<\/li>\n<li>Je me pr\u00e9sente au <u><b>6, rue Ernest<\/b><\/u> <u><b>Renan ( gare routi\u00e8re)<\/b><\/u> le jour de l&rsquo;examen avec ce document et ma pi\u00e8ce d&rsquo;identit\u00e9 !<\/li>\n<li>Je recevrai mon r\u00e9sultat par Mail au bout de 24 h!<\/li>\n<\/ul>\n<p><!--more--><\/p>\n","protected":false},"excerpt":{"rendered":"<p>\u00a0Cliquez ici :https:\/\/www.objectifcode.sgs.com\/salle-examen-segre-mairie Je pense \u00e0 demander mon num\u00e9ro NEPH \u00e0 mon auto-\u00e9cole ! je choisis la date de mon examen ! je choisis l&rsquo;heure de mon examen ! je re\u00e7ois la r\u00e9servation par Mail ! Je remplis consciencieusement le formulaire ! Je me pr\u00e9sente au 6, rue Ernest Renan ( gare routi\u00e8re) le jour [&hellip;]<\/p>\n","protected":false},"author":1,"featured_media":0,"parent":0,"menu_order":0,"comment_status":"closed","ping_status":"closed","template":"","meta":{"footnotes":""},"class_list":["post-222","page","type-page","status-publish","hentry"],"yoast_head":"<!-- This site is optimized with the Yoast SEO plugin v24.5 - https:\/\/yoast.com\/wordpress\/plugins\/seo\/ -->\n<title>Inscription \u00e0 l&#039;examen du code -<\/title>\n<meta name=\"robots\" content=\"index, follow, max-snippet:-1, max-image-preview:large, max-video-preview:-1\" \/>\n<link rel=\"canonical\" href=\"https:\/\/segreconduite.com\/index.php\/liens-utiles\/\" \/>\n<meta property=\"og:locale\" content=\"fr_FR\" \/>\n<meta property=\"og:type\" content=\"article\" \/>\n<meta property=\"og:title\" content=\"Inscription \u00e0 l&#039;examen du code -\" \/>\n<meta property=\"og:description\" content=\"\u00a0Cliquez ici :https:\/\/www.objectifcode.sgs.com\/salle-examen-segre-mairie Je pense \u00e0 demander mon num\u00e9ro NEPH \u00e0 mon auto-\u00e9cole ! je choisis la date de mon examen ! je choisis l&rsquo;heure de mon examen ! je re\u00e7ois la r\u00e9servation par Mail ! Je remplis consciencieusement le formulaire ! Je me pr\u00e9sente au 6, rue Ernest Renan ( gare routi\u00e8re) le jour [&hellip;]\" \/>\n<meta property=\"og:url\" content=\"https:\/\/segreconduite.com\/index.php\/liens-utiles\/\" \/>\n<meta property=\"article:publisher\" content=\"https:\/\/www.facebook.com\/profile.php?id=100005710457316\" \/>\n<meta property=\"article:modified_time\" content=\"2025-02-18T08:57:26+00:00\" \/>\n<meta property=\"og:image\" content=\"http:\/\/segreconduite.com\/wp-content\/uploads\/2017\/06\/sans-titre-300x160.jpg\" \/>\n<meta name=\"twitter:card\" content=\"summary_large_image\" \/>\n<meta name=\"twitter:label1\" content=\"Dur\u00e9e de lecture estim\u00e9e\" \/>\n\t<meta name=\"twitter:data1\" content=\"1 minute\" \/>\n<script type=\"application\/ld+json\" class=\"yoast-schema-graph\">{\"@context\":\"https:\/\/schema.org\",\"@graph\":[{\"@type\":\"WebPage\",\"@id\":\"https:\/\/segreconduite.com\/index.php\/liens-utiles\/\",\"url\":\"https:\/\/segreconduite.com\/index.php\/liens-utiles\/\",\"name\":\"Inscription \u00e0 l'examen du code -\",\"isPartOf\":{\"@id\":\"https:\/\/segreconduite.com\/#website\"},\"primaryImageOfPage\":{\"@id\":\"https:\/\/segreconduite.com\/index.php\/liens-utiles\/#primaryimage\"},\"image\":{\"@id\":\"https:\/\/segreconduite.com\/index.php\/liens-utiles\/#primaryimage\"},\"thumbnailUrl\":\"http:\/\/segreconduite.com\/wp-content\/uploads\/2017\/06\/sans-titre-300x160.jpg\",\"datePublished\":\"2017-06-02T22:38:42+00:00\",\"dateModified\":\"2025-02-18T08:57:26+00:00\",\"breadcrumb\":{\"@id\":\"https:\/\/segreconduite.com\/index.php\/liens-utiles\/#breadcrumb\"},\"inLanguage\":\"fr-FR\",\"potentialAction\":[{\"@type\":\"ReadAction\",\"target\":[\"https:\/\/segreconduite.com\/index.php\/liens-utiles\/\"]}]},{\"@type\":\"ImageObject\",\"inLanguage\":\"fr-FR\",\"@id\":\"https:\/\/segreconduite.com\/index.php\/liens-utiles\/#primaryimage\",\"url\":\"http:\/\/segreconduite.com\/wp-content\/uploads\/2017\/06\/sans-titre-300x160.jpg\",\"contentUrl\":\"http:\/\/segreconduite.com\/wp-content\/uploads\/2017\/06\/sans-titre-300x160.jpg\"},{\"@type\":\"BreadcrumbList\",\"@id\":\"https:\/\/segreconduite.com\/index.php\/liens-utiles\/#breadcrumb\",\"itemListElement\":[{\"@type\":\"ListItem\",\"position\":1,\"name\":\"Accueil\",\"item\":\"https:\/\/segreconduite.com\/\"},{\"@type\":\"ListItem\",\"position\":2,\"name\":\"Inscription \u00e0 l&rsquo;examen du code\"}]},{\"@type\":\"WebSite\",\"@id\":\"https:\/\/segreconduite.com\/#website\",\"url\":\"https:\/\/segreconduite.com\/\",\"name\":\"\",\"description\":\"\",\"publisher\":{\"@id\":\"https:\/\/segreconduite.com\/#organization\"},\"potentialAction\":[{\"@type\":\"SearchAction\",\"target\":{\"@type\":\"EntryPoint\",\"urlTemplate\":\"https:\/\/segreconduite.com\/?s={search_term_string}\"},\"query-input\":{\"@type\":\"PropertyValueSpecification\",\"valueRequired\":true,\"valueName\":\"search_term_string\"}}],\"inLanguage\":\"fr-FR\"},{\"@type\":\"Organization\",\"@id\":\"https:\/\/segreconduite.com\/#organization\",\"name\":\"segr\u00e9 conduite\",\"url\":\"https:\/\/segreconduite.com\/\",\"logo\":{\"@type\":\"ImageObject\",\"inLanguage\":\"fr-FR\",\"@id\":\"https:\/\/segreconduite.com\/#\/schema\/logo\/image\/\",\"url\":\"http:\/\/segreconduite.com\/wp-content\/uploads\/2017\/05\/cropped-2logo-fini-3Mx1M-1.jpg\",\"contentUrl\":\"http:\/\/segreconduite.com\/wp-content\/uploads\/2017\/05\/cropped-2logo-fini-3Mx1M-1.jpg\",\"width\":1360,\"height\":582,\"caption\":\"segr\u00e9 conduite\"},\"image\":{\"@id\":\"https:\/\/segreconduite.com\/#\/schema\/logo\/image\/\"},\"sameAs\":[\"https:\/\/www.facebook.com\/profile.php?id=100005710457316\"]}]}<\/script>\n<!-- \/ Yoast SEO plugin. -->","yoast_head_json":{"title":"Inscription \u00e0 l'examen du code -","robots":{"index":"index","follow":"follow","max-snippet":"max-snippet:-1","max-image-preview":"max-image-preview:large","max-video-preview":"max-video-preview:-1"},"canonical":"https:\/\/segreconduite.com\/index.php\/liens-utiles\/","og_locale":"fr_FR","og_type":"article","og_title":"Inscription \u00e0 l'examen du code -","og_description":"\u00a0Cliquez ici :https:\/\/www.objectifcode.sgs.com\/salle-examen-segre-mairie Je pense \u00e0 demander mon num\u00e9ro NEPH \u00e0 mon auto-\u00e9cole ! je choisis la date de mon examen ! je choisis l&rsquo;heure de mon examen ! je re\u00e7ois la r\u00e9servation par Mail ! Je remplis consciencieusement le formulaire ! Je me pr\u00e9sente au 6, rue Ernest Renan ( gare routi\u00e8re) le jour [&hellip;]","og_url":"https:\/\/segreconduite.com\/index.php\/liens-utiles\/","article_publisher":"https:\/\/www.facebook.com\/profile.php?id=100005710457316","article_modified_time":"2025-02-18T08:57:26+00:00","og_image":[{"url":"http:\/\/segreconduite.com\/wp-content\/uploads\/2017\/06\/sans-titre-300x160.jpg","type":"","width":"","height":""}],"twitter_card":"summary_large_image","twitter_misc":{"Dur\u00e9e de lecture estim\u00e9e":"1 minute"},"schema":{"@context":"https:\/\/schema.org","@graph":[{"@type":"WebPage","@id":"https:\/\/segreconduite.com\/index.php\/liens-utiles\/","url":"https:\/\/segreconduite.com\/index.php\/liens-utiles\/","name":"Inscription \u00e0 l'examen du code -","isPartOf":{"@id":"https:\/\/segreconduite.com\/#website"},"primaryImageOfPage":{"@id":"https:\/\/segreconduite.com\/index.php\/liens-utiles\/#primaryimage"},"image":{"@id":"https:\/\/segreconduite.com\/index.php\/liens-utiles\/#primaryimage"},"thumbnailUrl":"http:\/\/segreconduite.com\/wp-content\/uploads\/2017\/06\/sans-titre-300x160.jpg","datePublished":"2017-06-02T22:38:42+00:00","dateModified":"2025-02-18T08:57:26+00:00","breadcrumb":{"@id":"https:\/\/segreconduite.com\/index.php\/liens-utiles\/#breadcrumb"},"inLanguage":"fr-FR","potentialAction":[{"@type":"ReadAction","target":["https:\/\/segreconduite.com\/index.php\/liens-utiles\/"]}]},{"@type":"ImageObject","inLanguage":"fr-FR","@id":"https:\/\/segreconduite.com\/index.php\/liens-utiles\/#primaryimage","url":"http:\/\/segreconduite.com\/wp-content\/uploads\/2017\/06\/sans-titre-300x160.jpg","contentUrl":"http:\/\/segreconduite.com\/wp-content\/uploads\/2017\/06\/sans-titre-300x160.jpg"},{"@type":"BreadcrumbList","@id":"https:\/\/segreconduite.com\/index.php\/liens-utiles\/#breadcrumb","itemListElement":[{"@type":"ListItem","position":1,"name":"Accueil","item":"https:\/\/segreconduite.com\/"},{"@type":"ListItem","position":2,"name":"Inscription \u00e0 l&rsquo;examen du code"}]},{"@type":"WebSite","@id":"https:\/\/segreconduite.com\/#website","url":"https:\/\/segreconduite.com\/","name":"","description":"","publisher":{"@id":"https:\/\/segreconduite.com\/#organization"},"potentialAction":[{"@type":"SearchAction","target":{"@type":"EntryPoint","urlTemplate":"https:\/\/segreconduite.com\/?s={search_term_string}"},"query-input":{"@type":"PropertyValueSpecification","valueRequired":true,"valueName":"search_term_string"}}],"inLanguage":"fr-FR"},{"@type":"Organization","@id":"https:\/\/segreconduite.com\/#organization","name":"segr\u00e9 conduite","url":"https:\/\/segreconduite.com\/","logo":{"@type":"ImageObject","inLanguage":"fr-FR","@id":"https:\/\/segreconduite.com\/#\/schema\/logo\/image\/","url":"http:\/\/segreconduite.com\/wp-content\/uploads\/2017\/05\/cropped-2logo-fini-3Mx1M-1.jpg","contentUrl":"http:\/\/segreconduite.com\/wp-content\/uploads\/2017\/05\/cropped-2logo-fini-3Mx1M-1.jpg","width":1360,"height":582,"caption":"segr\u00e9 conduite"},"image":{"@id":"https:\/\/segreconduite.com\/#\/schema\/logo\/image\/"},"sameAs":["https:\/\/www.facebook.com\/profile.php?id=100005710457316"]}]}},"_links":{"self":[{"href":"https:\/\/segreconduite.com\/index.php\/wp-json\/wp\/v2\/pages\/222","targetHints":{"allow":["GET"]}}],"collection":[{"href":"https:\/\/segreconduite.com\/index.php\/wp-json\/wp\/v2\/pages"}],"about":[{"href":"https:\/\/segreconduite.com\/index.php\/wp-json\/wp\/v2\/types\/page"}],"author":[{"embeddable":true,"href":"https:\/\/segreconduite.com\/index.php\/wp-json\/wp\/v2\/users\/1"}],"replies":[{"embeddable":true,"href":"https:\/\/segreconduite.com\/index.php\/wp-json\/wp\/v2\/comments?post=222"}],"version-history":[{"count":32,"href":"https:\/\/segreconduite.com\/index.php\/wp-json\/wp\/v2\/pages\/222\/revisions"}],"predecessor-version":[{"id":1678,"href":"https:\/\/segreconduite.com\/index.php\/wp-json\/wp\/v2\/pages\/222\/revisions\/1678"}],"wp:attachment":[{"href":"https:\/\/segreconduite.com\/index.php\/wp-json\/wp\/v2\/media?parent=222"}],"curies":[{"name":"wp","href":"https:\/\/api.w.org\/{rel}","templated":true}]}}