{"id":1175,"date":"2020-09-28T11:08:19","date_gmt":"2020-09-28T09:08:19","guid":{"rendered":"http:\/\/segreconduite.com\/?page_id=1175"},"modified":"2025-12-31T08:18:42","modified_gmt":"2025-12-31T07:18:42","slug":"passerelle-b78-automatique-vers-manuelle","status":"publish","type":"page","link":"https:\/\/segreconduite.com\/index.php\/passerelle-b78-automatique-vers-manuelle\/","title":{"rendered":"Passerelle b78 (automatique vers manuelle)"},"content":{"rendered":"\n<p><\/p>\n\n\n\n<h3 class=\"wp-block-heading\"><strong><u><span class=\"has-inline-color has-luminous-vivid-orange-color\">Du permis bo\u00eete automatique au permis bo\u00eete manuelle<\/span><\/u><\/strong><\/h3>\n\n\n\n<p><strong><span class=\"has-inline-color has-vivid-cyan-blue-color\">Objectifs de la formation<\/span><\/strong><\/p>\n\n\n\n<p>A l\u2019issue de la formation, vous devez en tant que conducteur \u00eatre en capacit\u00e9 d\u2019utiliser, en toute s\u00e9curit\u00e9, un v\u00e9hicule muni d\u2019un changement de vitesses manuel de fa\u00e7on simultan\u00e9e avec les autres t\u00e2ches de conduite.<\/p>\n\n\n\n<h3 class=\"wp-block-heading\"><strong><span class=\"has-inline-color has-luminous-vivid-orange-color\">Quand pouvez-vous suivre cette formation<\/span><\/strong><\/h3>\n\n\n\n<p>Vous pouvez suivre cette formation apr\u00e8s l&rsquo;obtention de votre examen pratique bo\u00eete manuelle.<\/p>\n\n\n\n<figure class=\"wp-block-table\"><table><tbody><tr><td><span class=\"has-inline-color has-vivid-cyan-blue-color\">Caract\u00e9ristiques<\/span><\/td><td><span class=\"has-inline-color has-vivid-cyan-blue-color\">contenu<\/span><\/td><\/tr><tr><td>V\u00e9hicule     utilis\u00e9<\/td><td>\u2022 Cat\u00e9gorie B, \u00e0 changement de vitesses manuel. <br>\u2022 Appartenant \u00e0 l\u2019\u00e9tablissement.<\/td><\/tr><tr><td>&nbsp; &nbsp; &nbsp;&nbsp;&nbsp;&nbsp;&nbsp;&nbsp;&nbsp;&nbsp; Enseignement<\/td><td>\u2022 La formation est pratique et individuelle. <br>\u2022 Des apports th\u00e9oriques sont d\u00e9livr\u00e9s par l\u2019enseignant, \u00e0 bord du v\u00e9hicule. <br>\u2022 La formation est dispens\u00e9e par un enseignant de la conduite et de la s\u00e9curit\u00e9 routi\u00e8re titulaire de l\u2019autorisation d\u2019enseigner la conduite. <br>\u2022 Une partie de la s\u00e9quence 1 (trafic nul ou faible), limit\u00e9e \u00e0 une heure, peut \u00eatre r\u00e9alis\u00e9e sur simulateur, notamment pour apprendre \u00e0 utiliser la bo\u00eete de vitesses manuelle.<\/td><\/tr><\/tbody><\/table><\/figure>\n\n\n\n<h3 class=\"wp-block-heading\"><strong><span class=\"has-inline-color has-luminous-vivid-orange-color\">Le programme de la formation (7 heures minimum)<\/span><\/strong><\/h3>\n\n\n\n<figure class=\"wp-block-table\"><table><tbody><tr><td><span class=\"has-inline-color has-vivid-cyan-blue-color\">S\u00e9quences<\/span><\/td><td><span class=\"has-inline-color has-vivid-cyan-blue-color\">Intitul\u00e9<\/span><\/td><td><span class=\"has-inline-color has-vivid-cyan-blue-color\">Contenu<\/span><\/td><\/tr><tr><td>Premi\u00e8re s\u00e9quence d\u2019une dur\u00e9e de 2 h<\/td><td>Le trafic \u00e9tant faible voir nul<\/td><td>-Comprendre le principe du point de patinage de l\u2019embrayage et assurer sa mise en \u0153uvre. &nbsp;<br>-\u00catre en capacit\u00e9 de r\u00e9aliser un d\u00e9marrage en c\u00f4te en toute s\u00e9curit\u00e9.<\/td><\/tr><tr><td>Deuxi\u00e8me s\u00e9quence d\u2019une dur\u00e9e de 5 h<\/td><td>&nbsp;Conditions de circulation vari\u00e9es, simples et complexes<\/td><td>-Savoir utiliser la bo\u00eete de vitesses manuelle de fa\u00e7on rationnelle et en toute s\u00e9curit\u00e9 dans les conditions de circulation pr\u00e9cit\u00e9es et adopter les techniques de l\u2019\u00e9co-conduite. <br>-\u00catre en capacit\u00e9 de diriger le v\u00e9hicule en adaptant l\u2019allure et la trajectoire \u00e0 l\u2019environnement et aux conditions de circulation.<\/td><\/tr><\/tbody><\/table><\/figure>\n\n\n\n<h3 class=\"wp-block-heading\"><strong><span class=\"has-inline-color has-luminous-vivid-orange-color\">Important&nbsp;:<\/span><\/strong><\/h3>\n\n\n\n<p>\u00c0 la fin de la formation, nous vous remettons une attestation. <strong><span class=\"has-inline-color has-vivid-cyan-blue-color\">Elle ne permet de conduire un v\u00e9hicule muni d\u2019un changement de vitesses manuel qu\u2019\u00e0 compter du jour o\u00f9 vous B78 vers B \u00eates en possession du titre de conduite d\u00e9finitif.<\/span><\/strong><\/p>\n\n\n\n<h3 class=\"wp-block-heading\"><span style=\"background-color:rgba(0, 0, 0, 0)\" class=\"has-inline-color has-luminous-vivid-orange-color\">Co\u00fbt de la formation B78<\/span> <span style=\"background-color:rgba(0, 0, 0, 0)\" class=\"has-inline-color has-luminous-vivid-orange-color\">(7 heures obligatoires)<\/span><\/h3>\n\n\n\n<p>Forfait 7h de formation (minimum) 378 euros<\/p>\n\n\n\n<p>Les heures suppl\u00e9mentaires aux tarifs en vigueur \u00e0 la p\u00e9riode de la formation.<\/p>\n","protected":false},"excerpt":{"rendered":"<p>Du permis bo\u00eete automatique au permis bo\u00eete manuelle Objectifs de la formation A l\u2019issue de la formation, vous devez en tant que conducteur \u00eatre en capacit\u00e9 d\u2019utiliser, en toute s\u00e9curit\u00e9, un v\u00e9hicule muni d\u2019un changement de vitesses manuel de fa\u00e7on simultan\u00e9e avec les autres t\u00e2ches de conduite. Quand pouvez-vous suivre cette formation Vous pouvez suivre [&hellip;]<\/p>\n","protected":false},"author":1,"featured_media":0,"parent":0,"menu_order":0,"comment_status":"closed","ping_status":"closed","template":"","meta":{"footnotes":""},"class_list":["post-1175","page","type-page","status-publish","hentry"],"yoast_head":"<!-- This site is optimized with the Yoast SEO plugin v24.5 - https:\/\/yoast.com\/wordpress\/plugins\/seo\/ -->\n<title>Passerelle b78 (automatique vers manuelle) -<\/title>\n<meta name=\"robots\" content=\"index, follow, max-snippet:-1, max-image-preview:large, max-video-preview:-1\" \/>\n<link rel=\"canonical\" href=\"https:\/\/segreconduite.com\/index.php\/passerelle-b78-automatique-vers-manuelle\/\" \/>\n<meta property=\"og:locale\" content=\"fr_FR\" \/>\n<meta property=\"og:type\" content=\"article\" \/>\n<meta property=\"og:title\" content=\"Passerelle b78 (automatique vers manuelle) -\" \/>\n<meta property=\"og:description\" content=\"Du permis bo\u00eete automatique au permis bo\u00eete manuelle Objectifs de la formation A l\u2019issue de la formation, vous devez en tant que conducteur \u00eatre en capacit\u00e9 d\u2019utiliser, en toute s\u00e9curit\u00e9, un v\u00e9hicule muni d\u2019un changement de vitesses manuel de fa\u00e7on simultan\u00e9e avec les autres t\u00e2ches de conduite. Quand pouvez-vous suivre cette formation Vous pouvez suivre [&hellip;]\" \/>\n<meta property=\"og:url\" content=\"https:\/\/segreconduite.com\/index.php\/passerelle-b78-automatique-vers-manuelle\/\" \/>\n<meta property=\"article:publisher\" content=\"https:\/\/www.facebook.com\/profile.php?id=100005710457316\" \/>\n<meta property=\"article:modified_time\" content=\"2025-12-31T07:18:42+00:00\" \/>\n<meta name=\"twitter:card\" content=\"summary_large_image\" \/>\n<meta name=\"twitter:label1\" content=\"Dur\u00e9e de lecture estim\u00e9e\" \/>\n\t<meta name=\"twitter:data1\" content=\"2 minutes\" \/>\n<script type=\"application\/ld+json\" class=\"yoast-schema-graph\">{\"@context\":\"https:\/\/schema.org\",\"@graph\":[{\"@type\":\"WebPage\",\"@id\":\"https:\/\/segreconduite.com\/index.php\/passerelle-b78-automatique-vers-manuelle\/\",\"url\":\"https:\/\/segreconduite.com\/index.php\/passerelle-b78-automatique-vers-manuelle\/\",\"name\":\"Passerelle b78 (automatique vers manuelle) -\",\"isPartOf\":{\"@id\":\"https:\/\/segreconduite.com\/#website\"},\"datePublished\":\"2020-09-28T09:08:19+00:00\",\"dateModified\":\"2025-12-31T07:18:42+00:00\",\"breadcrumb\":{\"@id\":\"https:\/\/segreconduite.com\/index.php\/passerelle-b78-automatique-vers-manuelle\/#breadcrumb\"},\"inLanguage\":\"fr-FR\",\"potentialAction\":[{\"@type\":\"ReadAction\",\"target\":[\"https:\/\/segreconduite.com\/index.php\/passerelle-b78-automatique-vers-manuelle\/\"]}]},{\"@type\":\"BreadcrumbList\",\"@id\":\"https:\/\/segreconduite.com\/index.php\/passerelle-b78-automatique-vers-manuelle\/#breadcrumb\",\"itemListElement\":[{\"@type\":\"ListItem\",\"position\":1,\"name\":\"Accueil\",\"item\":\"https:\/\/segreconduite.com\/\"},{\"@type\":\"ListItem\",\"position\":2,\"name\":\"Passerelle b78 (automatique vers manuelle)\"}]},{\"@type\":\"WebSite\",\"@id\":\"https:\/\/segreconduite.com\/#website\",\"url\":\"https:\/\/segreconduite.com\/\",\"name\":\"\",\"description\":\"\",\"publisher\":{\"@id\":\"https:\/\/segreconduite.com\/#organization\"},\"potentialAction\":[{\"@type\":\"SearchAction\",\"target\":{\"@type\":\"EntryPoint\",\"urlTemplate\":\"https:\/\/segreconduite.com\/?s={search_term_string}\"},\"query-input\":{\"@type\":\"PropertyValueSpecification\",\"valueRequired\":true,\"valueName\":\"search_term_string\"}}],\"inLanguage\":\"fr-FR\"},{\"@type\":\"Organization\",\"@id\":\"https:\/\/segreconduite.com\/#organization\",\"name\":\"segr\u00e9 conduite\",\"url\":\"https:\/\/segreconduite.com\/\",\"logo\":{\"@type\":\"ImageObject\",\"inLanguage\":\"fr-FR\",\"@id\":\"https:\/\/segreconduite.com\/#\/schema\/logo\/image\/\",\"url\":\"http:\/\/segreconduite.com\/wp-content\/uploads\/2017\/05\/cropped-2logo-fini-3Mx1M-1.jpg\",\"contentUrl\":\"http:\/\/segreconduite.com\/wp-content\/uploads\/2017\/05\/cropped-2logo-fini-3Mx1M-1.jpg\",\"width\":1360,\"height\":582,\"caption\":\"segr\u00e9 conduite\"},\"image\":{\"@id\":\"https:\/\/segreconduite.com\/#\/schema\/logo\/image\/\"},\"sameAs\":[\"https:\/\/www.facebook.com\/profile.php?id=100005710457316\"]}]}<\/script>\n<!-- \/ Yoast SEO plugin. -->","yoast_head_json":{"title":"Passerelle b78 (automatique vers manuelle) -","robots":{"index":"index","follow":"follow","max-snippet":"max-snippet:-1","max-image-preview":"max-image-preview:large","max-video-preview":"max-video-preview:-1"},"canonical":"https:\/\/segreconduite.com\/index.php\/passerelle-b78-automatique-vers-manuelle\/","og_locale":"fr_FR","og_type":"article","og_title":"Passerelle b78 (automatique vers manuelle) -","og_description":"Du permis bo\u00eete automatique au permis bo\u00eete manuelle Objectifs de la formation A l\u2019issue de la formation, vous devez en tant que conducteur \u00eatre en capacit\u00e9 d\u2019utiliser, en toute s\u00e9curit\u00e9, un v\u00e9hicule muni d\u2019un changement de vitesses manuel de fa\u00e7on simultan\u00e9e avec les autres t\u00e2ches de conduite. Quand pouvez-vous suivre cette formation Vous pouvez suivre [&hellip;]","og_url":"https:\/\/segreconduite.com\/index.php\/passerelle-b78-automatique-vers-manuelle\/","article_publisher":"https:\/\/www.facebook.com\/profile.php?id=100005710457316","article_modified_time":"2025-12-31T07:18:42+00:00","twitter_card":"summary_large_image","twitter_misc":{"Dur\u00e9e de lecture estim\u00e9e":"2 minutes"},"schema":{"@context":"https:\/\/schema.org","@graph":[{"@type":"WebPage","@id":"https:\/\/segreconduite.com\/index.php\/passerelle-b78-automatique-vers-manuelle\/","url":"https:\/\/segreconduite.com\/index.php\/passerelle-b78-automatique-vers-manuelle\/","name":"Passerelle b78 (automatique vers manuelle) -","isPartOf":{"@id":"https:\/\/segreconduite.com\/#website"},"datePublished":"2020-09-28T09:08:19+00:00","dateModified":"2025-12-31T07:18:42+00:00","breadcrumb":{"@id":"https:\/\/segreconduite.com\/index.php\/passerelle-b78-automatique-vers-manuelle\/#breadcrumb"},"inLanguage":"fr-FR","potentialAction":[{"@type":"ReadAction","target":["https:\/\/segreconduite.com\/index.php\/passerelle-b78-automatique-vers-manuelle\/"]}]},{"@type":"BreadcrumbList","@id":"https:\/\/segreconduite.com\/index.php\/passerelle-b78-automatique-vers-manuelle\/#breadcrumb","itemListElement":[{"@type":"ListItem","position":1,"name":"Accueil","item":"https:\/\/segreconduite.com\/"},{"@type":"ListItem","position":2,"name":"Passerelle b78 (automatique vers manuelle)"}]},{"@type":"WebSite","@id":"https:\/\/segreconduite.com\/#website","url":"https:\/\/segreconduite.com\/","name":"","description":"","publisher":{"@id":"https:\/\/segreconduite.com\/#organization"},"potentialAction":[{"@type":"SearchAction","target":{"@type":"EntryPoint","urlTemplate":"https:\/\/segreconduite.com\/?s={search_term_string}"},"query-input":{"@type":"PropertyValueSpecification","valueRequired":true,"valueName":"search_term_string"}}],"inLanguage":"fr-FR"},{"@type":"Organization","@id":"https:\/\/segreconduite.com\/#organization","name":"segr\u00e9 conduite","url":"https:\/\/segreconduite.com\/","logo":{"@type":"ImageObject","inLanguage":"fr-FR","@id":"https:\/\/segreconduite.com\/#\/schema\/logo\/image\/","url":"http:\/\/segreconduite.com\/wp-content\/uploads\/2017\/05\/cropped-2logo-fini-3Mx1M-1.jpg","contentUrl":"http:\/\/segreconduite.com\/wp-content\/uploads\/2017\/05\/cropped-2logo-fini-3Mx1M-1.jpg","width":1360,"height":582,"caption":"segr\u00e9 conduite"},"image":{"@id":"https:\/\/segreconduite.com\/#\/schema\/logo\/image\/"},"sameAs":["https:\/\/www.facebook.com\/profile.php?id=100005710457316"]}]}},"_links":{"self":[{"href":"https:\/\/segreconduite.com\/index.php\/wp-json\/wp\/v2\/pages\/1175","targetHints":{"allow":["GET"]}}],"collection":[{"href":"https:\/\/segreconduite.com\/index.php\/wp-json\/wp\/v2\/pages"}],"about":[{"href":"https:\/\/segreconduite.com\/index.php\/wp-json\/wp\/v2\/types\/page"}],"author":[{"embeddable":true,"href":"https:\/\/segreconduite.com\/index.php\/wp-json\/wp\/v2\/users\/1"}],"replies":[{"embeddable":true,"href":"https:\/\/segreconduite.com\/index.php\/wp-json\/wp\/v2\/comments?post=1175"}],"version-history":[{"count":12,"href":"https:\/\/segreconduite.com\/index.php\/wp-json\/wp\/v2\/pages\/1175\/revisions"}],"predecessor-version":[{"id":1755,"href":"https:\/\/segreconduite.com\/index.php\/wp-json\/wp\/v2\/pages\/1175\/revisions\/1755"}],"wp:attachment":[{"href":"https:\/\/segreconduite.com\/index.php\/wp-json\/wp\/v2\/media?parent=1175"}],"curies":[{"name":"wp","href":"https:\/\/api.w.org\/{rel}","templated":true}]}}