{"id":1039,"date":"2020-05-30T11:57:30","date_gmt":"2020-05-30T09:57:30","guid":{"rendered":"http:\/\/segreconduite.com\/?page_id=1039"},"modified":"2020-08-13T14:56:34","modified_gmt":"2020-08-13T12:56:34","slug":"parcours-de-formation","status":"publish","type":"page","link":"https:\/\/segreconduite.com\/index.php\/parcours-de-formation\/","title":{"rendered":"Parcours de formation B,A1,A2"},"content":{"rendered":"\n<p style=\"font-size:21px\" class=\"has-text-color has-luminous-vivid-orange-color\"><u><span class=\"has-inline-color has-luminous-vivid-orange-color\"><strong>DETAILS DE VOTRE PARCOURS DE FORMATION<\/strong><\/span><\/u><\/p>\n\n\n\n<div class=\"wp-block-group\"><div class=\"wp-block-group__inner-container is-layout-flow wp-block-group-is-layout-flow\">\n<p>Vous allez apprendre \u00e0 manipuler <span class=\"has-inline-color has-vivid-cyan-blue-color\">une voiture <\/span>ou bien un <span class=\"has-inline-color has-vivid-cyan-blue-color\">deux roues<\/span>, \u00e0 circuler dans des situations ou des configurations plus ou moins difficiles, \u00e0 partager la route avec d\u2019autres usagers tout en appliquant et en respectant des r\u00e8gles que vous devrez apprendre et assimiler. Cette formation pourrait \u00eatre en fonction de vos capacit\u00e9s et votre motivation plus ou moins contraignante et demandera concentration, \u00e9coute et \u00e9changes.<\/p>\n<\/div><\/div>\n\n\n\n<div class=\"wp-block-group\"><div class=\"wp-block-group__inner-container is-layout-flow wp-block-group-is-layout-flow\">\n<p>Vous devrez au cours de cet apprentissage passer diff\u00e9rentes \u00e9tapes. D\u2019abord d\u00e9butant, puis apprenti, vous devrez devenir responsable du maniement de votre v\u00e9hicule. Pour mettre tout cela en application, vous devrez vous engager \u00e0 suivre un programme de formation que nous allons vous d\u00e9tailler.<\/p>\n\n\n\n<p>______________________________________________________________________________<\/p>\n<\/div><\/div>\n\n\n\n<p style=\"font-size:21px\"><strong><u><span class=\"has-inline-color has-luminous-vivid-orange-color\">Partie th\u00e9orie permis B<\/span><\/u><\/strong><\/p>\n\n\n\n<p>Les cours th\u00e9oriques ou cours de code se d\u00e9roulent collectivement, dans les locaux de l\u2019\u00e9cole de conduite, \u00e0 raison de 8h possibles par semaine, avec la pr\u00e9sence d\u2019un enseignant pour effectuer la correction ou r\u00e9pondre \u00e0 vos questions. Il vous est possible de compl\u00e9ter votre formation par des cours de code via internet (ordinateurs, tablettes, mobiles\u2026) avec toujours un suivi de votre progression de notre part. Des tablettes accessibles aux m\u00eames heures que les cours de code, sont \u00e0 votre disposition dans l\u2019\u00e9tablissement pour vous permettre d\u2019effectuer des entrainements \u00ab&nbsp;comme \u00e0 l\u2019examen&nbsp;\u00bb.<\/p>\n\n\n\n<p>Des stages code sur 5 jours de 8h \u00e0 midi pendant les vacances scolaires vous sont propos\u00e9s. Ces stages code, comme le reste de nos formations en salle, sont effectu\u00e9s avec la pr\u00e9sence d\u2019un enseignant p\u00e9dagogique \u00e0 vos c\u00f4t\u00e9s.<\/p>\n\n\n\n<p>Lors de l\u2019examen du code de la route (ETG), 10 th\u00e8mes sont repr\u00e9sent\u00e9s sur les 40 questions. <\/p>\n\n\n\n<p><strong><span class=\"has-inline-color has-vivid-cyan-blue-color\">voici les 10 th\u00e8mes travaill\u00e9s durant nos cours th\u00e9oriques.<\/span><\/strong><\/p>\n\n\n\n<ul class=\"wp-block-list\"><li><em>La circulation routi\u00e8re (panneaux, intersections, circuler, croiser et d\u00e9passer, stationner ou s&rsquo;arr\u00eater)<\/em><\/li><li><em>Le conducteur (conduire, d\u00e9faillances du conducteur)<\/em><\/li><li><em>La route (nuit et intemp\u00e9ries, autoroute, zones dangereuses)<\/em><\/li><li><em>Les autres usagers (partage de la route)<\/em><\/li><li><em>Les notions diverses (documents administratifs, chargement et passagers, infractions)<\/em><\/li><li><em>Les premiers secours (prot\u00e9ger, alerter et secourir)<\/em><\/li><li><em>Prendre et quitter son v\u00e9hicule (s&rsquo;installer au poste de conduite)<\/em><\/li><li><em>La m\u00e9canique et les \u00e9quipements (entretien et d\u00e9pannage)<\/em><\/li><li><em>La s\u00e9curit\u00e9 du passager et du v\u00e9hicule (installation des passagers, nouveaux \u00e9quipements)<\/em><\/li><li><em>L&rsquo;environnement (\u00e9co-mobilit\u00e9 et \u00e9co-conduite)<\/em><\/li><\/ul>\n\n\n\n<p>&nbsp;______________________________________________________________________________<\/p>\n\n\n\n<p style=\"font-size:21px\"><span class=\"has-inline-color has-luminous-vivid-orange-color\">&nbsp;<strong>Partie th\u00e9orie permis moto<\/strong><\/span><\/p>\n\n\n\n<p>Les cours th\u00e9oriques moto s\u2019effectuent uniquement par internet. Quelques \u00e9changes th\u00e9oriques pourront \u00eatre effectu\u00e9s dans la salle de code.<span class=\"has-inline-color has-vivid-cyan-blue-color\"> L\u2019examen de code moto (ETM), se divise en 9 th\u00e8mes r\u00e9parties sur les 40 questions.<\/span><\/p>\n\n\n\n<ul class=\"wp-block-list\"><li><em>L : dispositions l\u00e9gales en mati\u00e8re de s\u00e9curit\u00e9 routi\u00e8re&nbsp;<\/em><\/li><li><em>C : le conducteur<\/em><\/li><li><em>R : la route&nbsp;<\/em><\/li><li><em>U : les autres usagers de la route<\/em><\/li><li><em>D : r\u00e9glementation g\u00e9n\u00e9rale et divers&nbsp;<\/em><\/li><li><em>A : porter secours&nbsp;<\/em><\/li><li><em>M : \u00e9l\u00e9ments m\u00e9caniques et autres li\u00e9s \u00e0 la s\u00e9curit\u00e9&nbsp;<\/em><\/li><li><em>S : \u00e9l\u00e9ments de s\u00e9curit\u00e9 des v\u00e9hicules, \u00e9quipement du motard&nbsp;<\/em><\/li><li><em>E : r\u00e8gles d&rsquo;utilisation du v\u00e9hicule en relation avec le respect de l&rsquo;environnement&nbsp;<\/em><\/li><\/ul>\n\n\n\n<p>______________________________________________________________________________<\/p>\n\n\n\n<p style=\"font-size:21px\"><strong><u><span class=\"has-inline-color has-luminous-vivid-orange-color\">Partie pratique permis B et motos<\/span><\/u><\/strong><\/p>\n\n\n\n<p>Les le\u00e7ons de conduite peuvent commencer quelques temps apr\u00e8s le d\u00e9but de votre formation th\u00e9orique. Au cours de la phase pratique vous serez amen\u00e9s \u00e0 circuler dans diverses situations. Campagne, ville, routes \u00e0 acc\u00e8s r\u00e8glement\u00e9, autoroute, la nuit si la saison et les horaires le permettent\u2026 Les le\u00e7ons de conduite concernant le permis B (conduite traditionnelle, conduite accompagn\u00e9e ou conduite supervis\u00e9e) s\u2019effectueront soit par cr\u00e9neau d\u2019une heure, soit par cr\u00e9neau de deux heures de formation.<\/p>\n\n\n\n<p>Les le\u00e7ons de conduite concernant les permis motos (A, A1, A2) s\u2019effectueront par cr\u00e9neaux de 2 heures (circulation et plateaux) avec un nombre maximum de trois \u00e9l\u00e8ves aux m\u00eames horaires.<\/p>\n\n\n\n<p><span class=\"has-inline-color has-vivid-cyan-blue-color\">Quatre comp\u00e9tences sont enseign\u00e9es et doivent \u00eatre acquises en fin de formation :<\/span><\/p>\n\n\n\n<ul class=\"wp-block-list\"><li><em>Ma\u00eetriser le maniement du v\u00e9hicule dans un trafic faible ou nul ;<\/em><\/li><li><em>Appr\u00e9hender la route et circuler dans des conditions normales ;<\/em><\/li><li><em>Circuler dans des conditions difficiles et partager la route avec les autres usagers ;<\/em><\/li><li><em>Pratiquer une conduite autonome, s\u00fbre et \u00e9conomique.<\/em><\/li><\/ul>\n\n\n\n<p><span class=\"has-inline-color has-vivid-cyan-blue-color\">&nbsp;L\u2019ensemble du programme de formation est d\u00e9taill\u00e9 dans le livret d\u2019apprentissage et dans la fiche de suivi de chaque \u00e9l\u00e8ve. Lorsque l\u2019ensemble des comp\u00e9tences requises sera valid\u00e9, votre formateur pourra alors vous pr\u00e9senter aux \u00e9preuves du permis de conduire.<\/span><\/p>\n\n\n\n<h1 class=\"wp-block-heading\">&nbsp;&nbsp;&nbsp;&nbsp;&nbsp;&nbsp;&nbsp;&nbsp;&nbsp;&nbsp;&nbsp;&nbsp;&nbsp;&nbsp;&nbsp;&nbsp;&nbsp;&nbsp;&nbsp;&nbsp;&nbsp;&nbsp;&nbsp;&nbsp;&nbsp;&nbsp;&nbsp;&nbsp;&nbsp;&nbsp;&nbsp;<\/h1>\n\n\n\n<h1 class=\"wp-block-heading\">&nbsp;<\/h1>\n\n\n\n<h1 class=\"wp-block-heading\">&nbsp;<\/h1>\n","protected":false},"excerpt":{"rendered":"<p>DETAILS DE VOTRE PARCOURS DE FORMATION Vous allez apprendre \u00e0 manipuler une voiture ou bien un deux roues, \u00e0 circuler dans des situations ou des configurations plus ou moins difficiles, \u00e0 partager la route avec d\u2019autres usagers tout en appliquant et en respectant des r\u00e8gles que vous devrez apprendre et assimiler. Cette formation pourrait \u00eatre [&hellip;]<\/p>\n","protected":false},"author":1,"featured_media":0,"parent":0,"menu_order":0,"comment_status":"closed","ping_status":"closed","template":"","meta":{"footnotes":""},"class_list":["post-1039","page","type-page","status-publish","hentry"],"yoast_head":"<!-- This site is optimized with the Yoast SEO plugin v24.5 - https:\/\/yoast.com\/wordpress\/plugins\/seo\/ -->\n<title>Parcours de formation B,A1,A2 -<\/title>\n<meta name=\"robots\" content=\"index, follow, max-snippet:-1, max-image-preview:large, max-video-preview:-1\" \/>\n<link rel=\"canonical\" href=\"https:\/\/segreconduite.com\/index.php\/parcours-de-formation\/\" \/>\n<meta property=\"og:locale\" content=\"fr_FR\" \/>\n<meta property=\"og:type\" content=\"article\" \/>\n<meta property=\"og:title\" content=\"Parcours de formation B,A1,A2 -\" \/>\n<meta property=\"og:description\" content=\"DETAILS DE VOTRE PARCOURS DE FORMATION Vous allez apprendre \u00e0 manipuler une voiture ou bien un deux roues, \u00e0 circuler dans des situations ou des configurations plus ou moins difficiles, \u00e0 partager la route avec d\u2019autres usagers tout en appliquant et en respectant des r\u00e8gles que vous devrez apprendre et assimiler. Cette formation pourrait \u00eatre [&hellip;]\" \/>\n<meta property=\"og:url\" content=\"https:\/\/segreconduite.com\/index.php\/parcours-de-formation\/\" \/>\n<meta property=\"article:publisher\" content=\"https:\/\/www.facebook.com\/profile.php?id=100005710457316\" \/>\n<meta property=\"article:modified_time\" content=\"2020-08-13T12:56:34+00:00\" \/>\n<meta name=\"twitter:card\" content=\"summary_large_image\" \/>\n<meta name=\"twitter:label1\" content=\"Dur\u00e9e de lecture estim\u00e9e\" \/>\n\t<meta name=\"twitter:data1\" content=\"4 minutes\" \/>\n<script type=\"application\/ld+json\" class=\"yoast-schema-graph\">{\"@context\":\"https:\/\/schema.org\",\"@graph\":[{\"@type\":\"WebPage\",\"@id\":\"https:\/\/segreconduite.com\/index.php\/parcours-de-formation\/\",\"url\":\"https:\/\/segreconduite.com\/index.php\/parcours-de-formation\/\",\"name\":\"Parcours de formation B,A1,A2 -\",\"isPartOf\":{\"@id\":\"https:\/\/segreconduite.com\/#website\"},\"datePublished\":\"2020-05-30T09:57:30+00:00\",\"dateModified\":\"2020-08-13T12:56:34+00:00\",\"breadcrumb\":{\"@id\":\"https:\/\/segreconduite.com\/index.php\/parcours-de-formation\/#breadcrumb\"},\"inLanguage\":\"fr-FR\",\"potentialAction\":[{\"@type\":\"ReadAction\",\"target\":[\"https:\/\/segreconduite.com\/index.php\/parcours-de-formation\/\"]}]},{\"@type\":\"BreadcrumbList\",\"@id\":\"https:\/\/segreconduite.com\/index.php\/parcours-de-formation\/#breadcrumb\",\"itemListElement\":[{\"@type\":\"ListItem\",\"position\":1,\"name\":\"Accueil\",\"item\":\"https:\/\/segreconduite.com\/\"},{\"@type\":\"ListItem\",\"position\":2,\"name\":\"Parcours de formation B,A1,A2\"}]},{\"@type\":\"WebSite\",\"@id\":\"https:\/\/segreconduite.com\/#website\",\"url\":\"https:\/\/segreconduite.com\/\",\"name\":\"\",\"description\":\"\",\"publisher\":{\"@id\":\"https:\/\/segreconduite.com\/#organization\"},\"potentialAction\":[{\"@type\":\"SearchAction\",\"target\":{\"@type\":\"EntryPoint\",\"urlTemplate\":\"https:\/\/segreconduite.com\/?s={search_term_string}\"},\"query-input\":{\"@type\":\"PropertyValueSpecification\",\"valueRequired\":true,\"valueName\":\"search_term_string\"}}],\"inLanguage\":\"fr-FR\"},{\"@type\":\"Organization\",\"@id\":\"https:\/\/segreconduite.com\/#organization\",\"name\":\"segr\u00e9 conduite\",\"url\":\"https:\/\/segreconduite.com\/\",\"logo\":{\"@type\":\"ImageObject\",\"inLanguage\":\"fr-FR\",\"@id\":\"https:\/\/segreconduite.com\/#\/schema\/logo\/image\/\",\"url\":\"http:\/\/segreconduite.com\/wp-content\/uploads\/2017\/05\/cropped-2logo-fini-3Mx1M-1.jpg\",\"contentUrl\":\"http:\/\/segreconduite.com\/wp-content\/uploads\/2017\/05\/cropped-2logo-fini-3Mx1M-1.jpg\",\"width\":1360,\"height\":582,\"caption\":\"segr\u00e9 conduite\"},\"image\":{\"@id\":\"https:\/\/segreconduite.com\/#\/schema\/logo\/image\/\"},\"sameAs\":[\"https:\/\/www.facebook.com\/profile.php?id=100005710457316\"]}]}<\/script>\n<!-- \/ Yoast SEO plugin. -->","yoast_head_json":{"title":"Parcours de formation B,A1,A2 -","robots":{"index":"index","follow":"follow","max-snippet":"max-snippet:-1","max-image-preview":"max-image-preview:large","max-video-preview":"max-video-preview:-1"},"canonical":"https:\/\/segreconduite.com\/index.php\/parcours-de-formation\/","og_locale":"fr_FR","og_type":"article","og_title":"Parcours de formation B,A1,A2 -","og_description":"DETAILS DE VOTRE PARCOURS DE FORMATION Vous allez apprendre \u00e0 manipuler une voiture ou bien un deux roues, \u00e0 circuler dans des situations ou des configurations plus ou moins difficiles, \u00e0 partager la route avec d\u2019autres usagers tout en appliquant et en respectant des r\u00e8gles que vous devrez apprendre et assimiler. Cette formation pourrait \u00eatre [&hellip;]","og_url":"https:\/\/segreconduite.com\/index.php\/parcours-de-formation\/","article_publisher":"https:\/\/www.facebook.com\/profile.php?id=100005710457316","article_modified_time":"2020-08-13T12:56:34+00:00","twitter_card":"summary_large_image","twitter_misc":{"Dur\u00e9e de lecture estim\u00e9e":"4 minutes"},"schema":{"@context":"https:\/\/schema.org","@graph":[{"@type":"WebPage","@id":"https:\/\/segreconduite.com\/index.php\/parcours-de-formation\/","url":"https:\/\/segreconduite.com\/index.php\/parcours-de-formation\/","name":"Parcours de formation B,A1,A2 -","isPartOf":{"@id":"https:\/\/segreconduite.com\/#website"},"datePublished":"2020-05-30T09:57:30+00:00","dateModified":"2020-08-13T12:56:34+00:00","breadcrumb":{"@id":"https:\/\/segreconduite.com\/index.php\/parcours-de-formation\/#breadcrumb"},"inLanguage":"fr-FR","potentialAction":[{"@type":"ReadAction","target":["https:\/\/segreconduite.com\/index.php\/parcours-de-formation\/"]}]},{"@type":"BreadcrumbList","@id":"https:\/\/segreconduite.com\/index.php\/parcours-de-formation\/#breadcrumb","itemListElement":[{"@type":"ListItem","position":1,"name":"Accueil","item":"https:\/\/segreconduite.com\/"},{"@type":"ListItem","position":2,"name":"Parcours de formation B,A1,A2"}]},{"@type":"WebSite","@id":"https:\/\/segreconduite.com\/#website","url":"https:\/\/segreconduite.com\/","name":"","description":"","publisher":{"@id":"https:\/\/segreconduite.com\/#organization"},"potentialAction":[{"@type":"SearchAction","target":{"@type":"EntryPoint","urlTemplate":"https:\/\/segreconduite.com\/?s={search_term_string}"},"query-input":{"@type":"PropertyValueSpecification","valueRequired":true,"valueName":"search_term_string"}}],"inLanguage":"fr-FR"},{"@type":"Organization","@id":"https:\/\/segreconduite.com\/#organization","name":"segr\u00e9 conduite","url":"https:\/\/segreconduite.com\/","logo":{"@type":"ImageObject","inLanguage":"fr-FR","@id":"https:\/\/segreconduite.com\/#\/schema\/logo\/image\/","url":"http:\/\/segreconduite.com\/wp-content\/uploads\/2017\/05\/cropped-2logo-fini-3Mx1M-1.jpg","contentUrl":"http:\/\/segreconduite.com\/wp-content\/uploads\/2017\/05\/cropped-2logo-fini-3Mx1M-1.jpg","width":1360,"height":582,"caption":"segr\u00e9 conduite"},"image":{"@id":"https:\/\/segreconduite.com\/#\/schema\/logo\/image\/"},"sameAs":["https:\/\/www.facebook.com\/profile.php?id=100005710457316"]}]}},"_links":{"self":[{"href":"https:\/\/segreconduite.com\/index.php\/wp-json\/wp\/v2\/pages\/1039","targetHints":{"allow":["GET"]}}],"collection":[{"href":"https:\/\/segreconduite.com\/index.php\/wp-json\/wp\/v2\/pages"}],"about":[{"href":"https:\/\/segreconduite.com\/index.php\/wp-json\/wp\/v2\/types\/page"}],"author":[{"embeddable":true,"href":"https:\/\/segreconduite.com\/index.php\/wp-json\/wp\/v2\/users\/1"}],"replies":[{"embeddable":true,"href":"https:\/\/segreconduite.com\/index.php\/wp-json\/wp\/v2\/comments?post=1039"}],"version-history":[{"count":11,"href":"https:\/\/segreconduite.com\/index.php\/wp-json\/wp\/v2\/pages\/1039\/revisions"}],"predecessor-version":[{"id":1106,"href":"https:\/\/segreconduite.com\/index.php\/wp-json\/wp\/v2\/pages\/1039\/revisions\/1106"}],"wp:attachment":[{"href":"https:\/\/segreconduite.com\/index.php\/wp-json\/wp\/v2\/media?parent=1039"}],"curies":[{"name":"wp","href":"https:\/\/api.w.org\/{rel}","templated":true}]}}